{"id":11,"date":"2016-01-19T15:48:59","date_gmt":"2016-01-19T15:48:59","guid":{"rendered":"http:\/\/metasdigitais.net.br\/kopa_turismo\/?page_id=11"},"modified":"2017-02-21T11:48:56","modified_gmt":"2017-02-21T14:48:56","slug":"informacoes","status":"publish","type":"page","link":"https:\/\/www.kopaturismo.com.br\/en\/informacoes\/","title":{"rendered":"Informa\u00e7\u00f5es"},"content":{"rendered":"<p><\/p>\n<h2 style=\"text-align: center;\">Informations<\/h2>\n<p>&nbsp;<\/p>\n<h3 style=\"text-align: center;\">We offer a large range of activities:<\/h3>\n<p><a href=\"http:\/\/www.kopaturismo.com.br\/wp-content\/uploads\/2016\/01\/pictogramas-en.jpg\"><img loading=\"lazy\" decoding=\"async\" class=\"wp-image-492 size-full aligncenter\" src=\"http:\/\/www.kopaturismo.com.br\/wp-content\/uploads\/2016\/01\/pictogramas-en.jpg\" alt=\"pictogramas-en\" width=\"650\" height=\"308\" srcset=\"https:\/\/www.kopaturismo.com.br\/wp-content\/uploads\/2016\/01\/pictogramas-en.jpg 650w, https:\/\/www.kopaturismo.com.br\/wp-content\/uploads\/2016\/01\/pictogramas-en-300x142.jpg 300w\" sizes=\"auto, (max-width: 650px) 100vw, 650px\" \/><\/a><\/p>\n<p>&nbsp;<\/p>\n<h5 style=\"text-align: center;\"><b>Download: Revista Roteiros &#8211; English Version<\/b><\/h5>\n<p><a href=\"http:\/\/www.youblisher.com\/p\/1344507-Revista-Roteiros-English-Version\/\" target=\"_blank\"><img decoding=\"async\" class=\"aligncenter\" src=\"http:\/\/www.youblisher.com\/files\/publications\/225\/1344507\/200x300.jpg\" alt=\"Revista Roteiros\" \/><\/a><\/p>\n<p>&nbsp;<\/p>\n<h5 style=\"text-align: center;\">Guia dos Parques Estaduais<\/h5>\n<p><a href=\"http:\/\/conservacao.mpambiental.org\/wp-content\/uploads\/2015\/03\/Guia-ParquesEstaduaisdeMG.pdf\" target=\"_blank\"><img loading=\"lazy\" decoding=\"async\" class=\"wp-image-516 size-medium aligncenter\" src=\"http:\/\/www.kopaturismo.com.br\/wp-content\/uploads\/2016\/01\/Captura-de-Tela-2016-03-01-a\u0300s-13.30.36-178x300.png\" alt=\"Captura de Tela 2016-03-01 a\u0300s 13.30.36\" width=\"178\" height=\"300\" srcset=\"https:\/\/www.kopaturismo.com.br\/wp-content\/uploads\/2016\/01\/Captura-de-Tela-2016-03-01-a\u0300s-13.30.36-178x300.png 178w, https:\/\/www.kopaturismo.com.br\/wp-content\/uploads\/2016\/01\/Captura-de-Tela-2016-03-01-a\u0300s-13.30.36-607x1024.png 607w, https:\/\/www.kopaturismo.com.br\/wp-content\/uploads\/2016\/01\/Captura-de-Tela-2016-03-01-a\u0300s-13.30.36.png 608w\" sizes=\"auto, (max-width: 178px) 100vw, 178px\" \/><\/a><\/p>\n<p>&nbsp;<\/p>\n<h2>Conditions<\/h2>\n<p>&#8211; \u00a0The entrance fees, the alimentation and drinks are not included (Only if\u00a0specified!);<\/p>\n<p>&#8211; \u00a0All trips include bilingual drivers\/monitors. Available for different languages\u00a0like: Portuguese, Spanish, English and German;<\/p>\n<p>&#8211; \u00a0The reservation can only be confirmed after a payment order of 30% of the\u00a0total amount and not less than 72 hours before the tour start;<\/p>\n<p>&#8211; \u00a0The payments can be done in cash, payment order Credit Card (+6%) or\u00a0PayPal (+6%);<\/p>\n<p>&#8211; \u00a0The values are per person!<\/p>\n<p>&#8211; \u00a0Children have special discounts: Between 00 and 06 years they travel for\u00a0free! Children between 06 and 10 years pay half the price!<\/p>\n<p>&nbsp;<\/p>\n<h2>CANCELATION BY PART OF THE CLIENT:<\/h2>\n<p>Our clients reserve the right to\u00a0cancel their trip by any given moment in written form (E-mail) and with full\u00a0knowledge by part of KOPA turismo. We charge the following administrative\u00a0fees:10% up to 40 days before the trip, 20% up to 39 &#8211; 30 days before the trip,\u00a030% up to 29 &#8211; 20 days before the trip, 50% up to 19 &#8211; 08 days before the trip.\u00a0100% if canceled less than one week before the trip.<\/p>\n<p>&nbsp;<\/p>\n<h2>CANCELATION BY PART OF THE CLIENT:<\/h2>\n<p>We reserve one\u00b4s right to cancel\u00a0the trip within 72 hours advance. in this case our clients have the right to\u00a0choose\u00a0 another trip at the same value, schedule another date or get back\u00a0their integral payments.<\/p>\n<p>All prices on this website underlie short term variations!<\/p>\n<p>&nbsp;<\/p>\n<h2>Special Conditions for ecotourism tours:<\/h2>\n<p>&#8211; Please send us the complete name, birth date and passport number of\u00a0all passengers;<\/p>\n<p>&#8211; The tours can be canceled due to bad weather, bush fires and any\u00a0other incident who may put our passengers in risk<\/p>\n<p>&#8211; All our tour sin the Serra do Cip\u00f3 include an insurance for adventure\u00a0tourism<\/p>","protected":false},"excerpt":{"rendered":"<p>Informations &nbsp; We offer a large range of activities: &nbsp; Download: Revista Roteiros &#8211; English Version &nbsp; Guia dos Parques Estaduais &nbsp; Conditions &#8211; \u00a0The entrance fees, the alimentation and drinks are not included (Only if\u00a0specified!); &#8211; \u00a0All trips include bilingual drivers\/monitors. Available for different languages\u00a0like: Portuguese, Spanish, English and German; &#8211; \u00a0The reservation can [&hellip;]<\/p>\n","protected":false},"author":1,"featured_media":0,"parent":0,"menu_order":0,"comment_status":"closed","ping_status":"closed","template":"","meta":{"_joinchat":[],"footnotes":""},"class_list":["post-11","page","type-page","status-publish","hentry"],"yoast_head":"<!-- This site is optimized with the Yoast SEO plugin v27.2 - https:\/\/yoast.com\/product\/yoast-seo-wordpress\/ -->\n<title>Informa\u00e7\u00f5es - Kopa Turismo - Ecoturismo Serra do Cip\u00f3<\/title>\n<meta name=\"description\" content=\"Empresa de turismo especializada em turismo receptivo. Entre seus servi\u00e7os, destaque para passeios em trilhas, cachoeiras na Serra do Cip\u00f3.\" \/>\n<meta name=\"robots\" content=\"index, follow, max-snippet:-1, max-image-preview:large, max-video-preview:-1\" \/>\n<link rel=\"canonical\" href=\"https:\/\/www.kopaturismo.com.br\/informacoes\/\" \/>\n<meta property=\"og:locale\" content=\"en_US\" \/>\n<meta property=\"og:type\" content=\"article\" \/>\n<meta property=\"og:title\" content=\"Informa\u00e7\u00f5es - Kopa Turismo - Ecoturismo Serra do Cip\u00f3\" \/>\n<meta property=\"og:description\" content=\"Empresa de turismo especializada em turismo receptivo. Entre seus servi\u00e7os, destaque para passeios em trilhas, cachoeiras na Serra do Cip\u00f3.\" \/>\n<meta property=\"og:url\" content=\"https:\/\/www.kopaturismo.com.br\/informacoes\/\" \/>\n<meta property=\"og:site_name\" content=\"Kopa Turismo - Ecoturismo Serra do Cip\u00f3\" \/>\n<meta property=\"article:modified_time\" content=\"2017-02-21T14:48:56+00:00\" \/>\n<meta property=\"og:image\" content=\"http:\/\/www.image-maps.com\/m\/private\/0\/3bcuc066tn1290v4he4drr2s02_pictogramas.jpg\" \/>\n<meta name=\"twitter:card\" content=\"summary_large_image\" \/>\n<meta name=\"twitter:label1\" content=\"Est. reading time\" \/>\n\t<meta name=\"twitter:data1\" content=\"3 minutes\" \/>\n<script type=\"application\/ld+json\" class=\"yoast-schema-graph\">{\"@context\":\"https:\/\/schema.org\",\"@graph\":[{\"@type\":\"WebPage\",\"@id\":\"https:\/\/www.kopaturismo.com.br\/informacoes\/\",\"url\":\"https:\/\/www.kopaturismo.com.br\/informacoes\/\",\"name\":\"Informa\u00e7\u00f5es - Kopa Turismo - Ecoturismo Serra do Cip\u00f3\",\"isPartOf\":{\"@id\":\"https:\/\/www.kopaturismo.com.br\/#website\"},\"primaryImageOfPage\":{\"@id\":\"https:\/\/www.kopaturismo.com.br\/informacoes\/#primaryimage\"},\"image\":{\"@id\":\"https:\/\/www.kopaturismo.com.br\/informacoes\/#primaryimage\"},\"thumbnailUrl\":\"http:\/\/www.image-maps.com\/m\/private\/0\/3bcuc066tn1290v4he4drr2s02_pictogramas.jpg\",\"datePublished\":\"2016-01-19T15:48:59+00:00\",\"dateModified\":\"2017-02-21T14:48:56+00:00\",\"description\":\"Empresa de turismo especializada em turismo receptivo. Entre seus servi\u00e7os, destaque para passeios em trilhas, cachoeiras na Serra do Cip\u00f3.\",\"breadcrumb\":{\"@id\":\"https:\/\/www.kopaturismo.com.br\/informacoes\/#breadcrumb\"},\"inLanguage\":\"en-US\",\"potentialAction\":[{\"@type\":\"ReadAction\",\"target\":[\"https:\/\/www.kopaturismo.com.br\/informacoes\/\"]}]},{\"@type\":\"ImageObject\",\"inLanguage\":\"en-US\",\"@id\":\"https:\/\/www.kopaturismo.com.br\/informacoes\/#primaryimage\",\"url\":\"http:\/\/www.image-maps.com\/m\/private\/0\/3bcuc066tn1290v4he4drr2s02_pictogramas.jpg\",\"contentUrl\":\"http:\/\/www.image-maps.com\/m\/private\/0\/3bcuc066tn1290v4he4drr2s02_pictogramas.jpg\"},{\"@type\":\"BreadcrumbList\",\"@id\":\"https:\/\/www.kopaturismo.com.br\/informacoes\/#breadcrumb\",\"itemListElement\":[{\"@type\":\"ListItem\",\"position\":1,\"name\":\"In\u00edcio\",\"item\":\"https:\/\/www.kopaturismo.com.br\/\"},{\"@type\":\"ListItem\",\"position\":2,\"name\":\"Informa\u00e7\u00f5es\"}]},{\"@type\":\"WebSite\",\"@id\":\"https:\/\/www.kopaturismo.com.br\/#website\",\"url\":\"https:\/\/www.kopaturismo.com.br\/\",\"name\":\"Kopa Turismo - Ecoturismo Serra do Cip\u00f3\",\"description\":\"Empresa de turismo especializada em turismo receptivo. Entre seus servi\u00e7os, destaque para passeios em trilhas, cachoeiras na Serra do Cip\u00f3.\",\"potentialAction\":[{\"@type\":\"SearchAction\",\"target\":{\"@type\":\"EntryPoint\",\"urlTemplate\":\"https:\/\/www.kopaturismo.com.br\/?s={search_term_string}\"},\"query-input\":{\"@type\":\"PropertyValueSpecification\",\"valueRequired\":true,\"valueName\":\"search_term_string\"}}],\"inLanguage\":\"en-US\"}]}<\/script>\n<!-- \/ Yoast SEO plugin. -->","yoast_head_json":{"title":"Informa\u00e7\u00f5es - Kopa Turismo - Ecoturismo Serra do Cip\u00f3","description":"Empresa de turismo especializada em turismo receptivo. Entre seus servi\u00e7os, destaque para passeios em trilhas, cachoeiras na Serra do Cip\u00f3.","robots":{"index":"index","follow":"follow","max-snippet":"max-snippet:-1","max-image-preview":"max-image-preview:large","max-video-preview":"max-video-preview:-1"},"canonical":"https:\/\/www.kopaturismo.com.br\/informacoes\/","og_locale":"en_US","og_type":"article","og_title":"Informa\u00e7\u00f5es - Kopa Turismo - Ecoturismo Serra do Cip\u00f3","og_description":"Empresa de turismo especializada em turismo receptivo. Entre seus servi\u00e7os, destaque para passeios em trilhas, cachoeiras na Serra do Cip\u00f3.","og_url":"https:\/\/www.kopaturismo.com.br\/informacoes\/","og_site_name":"Kopa Turismo - Ecoturismo Serra do Cip\u00f3","article_modified_time":"2017-02-21T14:48:56+00:00","og_image":[{"url":"http:\/\/www.image-maps.com\/m\/private\/0\/3bcuc066tn1290v4he4drr2s02_pictogramas.jpg","type":"","width":"","height":""}],"twitter_card":"summary_large_image","twitter_misc":{"Est. reading time":"3 minutes"},"schema":{"@context":"https:\/\/schema.org","@graph":[{"@type":"WebPage","@id":"https:\/\/www.kopaturismo.com.br\/informacoes\/","url":"https:\/\/www.kopaturismo.com.br\/informacoes\/","name":"Informa\u00e7\u00f5es - Kopa Turismo - Ecoturismo Serra do Cip\u00f3","isPartOf":{"@id":"https:\/\/www.kopaturismo.com.br\/#website"},"primaryImageOfPage":{"@id":"https:\/\/www.kopaturismo.com.br\/informacoes\/#primaryimage"},"image":{"@id":"https:\/\/www.kopaturismo.com.br\/informacoes\/#primaryimage"},"thumbnailUrl":"http:\/\/www.image-maps.com\/m\/private\/0\/3bcuc066tn1290v4he4drr2s02_pictogramas.jpg","datePublished":"2016-01-19T15:48:59+00:00","dateModified":"2017-02-21T14:48:56+00:00","description":"Empresa de turismo especializada em turismo receptivo. Entre seus servi\u00e7os, destaque para passeios em trilhas, cachoeiras na Serra do Cip\u00f3.","breadcrumb":{"@id":"https:\/\/www.kopaturismo.com.br\/informacoes\/#breadcrumb"},"inLanguage":"en-US","potentialAction":[{"@type":"ReadAction","target":["https:\/\/www.kopaturismo.com.br\/informacoes\/"]}]},{"@type":"ImageObject","inLanguage":"en-US","@id":"https:\/\/www.kopaturismo.com.br\/informacoes\/#primaryimage","url":"http:\/\/www.image-maps.com\/m\/private\/0\/3bcuc066tn1290v4he4drr2s02_pictogramas.jpg","contentUrl":"http:\/\/www.image-maps.com\/m\/private\/0\/3bcuc066tn1290v4he4drr2s02_pictogramas.jpg"},{"@type":"BreadcrumbList","@id":"https:\/\/www.kopaturismo.com.br\/informacoes\/#breadcrumb","itemListElement":[{"@type":"ListItem","position":1,"name":"In\u00edcio","item":"https:\/\/www.kopaturismo.com.br\/"},{"@type":"ListItem","position":2,"name":"Informa\u00e7\u00f5es"}]},{"@type":"WebSite","@id":"https:\/\/www.kopaturismo.com.br\/#website","url":"https:\/\/www.kopaturismo.com.br\/","name":"Kopa Turismo - Ecoturismo Serra do Cip\u00f3","description":"Empresa de turismo especializada em turismo receptivo. Entre seus servi\u00e7os, destaque para passeios em trilhas, cachoeiras na Serra do Cip\u00f3.","potentialAction":[{"@type":"SearchAction","target":{"@type":"EntryPoint","urlTemplate":"https:\/\/www.kopaturismo.com.br\/?s={search_term_string}"},"query-input":{"@type":"PropertyValueSpecification","valueRequired":true,"valueName":"search_term_string"}}],"inLanguage":"en-US"}]}},"_links":{"self":[{"href":"https:\/\/www.kopaturismo.com.br\/en\/wp-json\/wp\/v2\/pages\/11","targetHints":{"allow":["GET"]}}],"collection":[{"href":"https:\/\/www.kopaturismo.com.br\/en\/wp-json\/wp\/v2\/pages"}],"about":[{"href":"https:\/\/www.kopaturismo.com.br\/en\/wp-json\/wp\/v2\/types\/page"}],"author":[{"embeddable":true,"href":"https:\/\/www.kopaturismo.com.br\/en\/wp-json\/wp\/v2\/users\/1"}],"replies":[{"embeddable":true,"href":"https:\/\/www.kopaturismo.com.br\/en\/wp-json\/wp\/v2\/comments?post=11"}],"version-history":[{"count":19,"href":"https:\/\/www.kopaturismo.com.br\/en\/wp-json\/wp\/v2\/pages\/11\/revisions"}],"predecessor-version":[{"id":520,"href":"https:\/\/www.kopaturismo.com.br\/en\/wp-json\/wp\/v2\/pages\/11\/revisions\/520"}],"wp:attachment":[{"href":"https:\/\/www.kopaturismo.com.br\/en\/wp-json\/wp\/v2\/media?parent=11"}],"curies":[{"name":"wp","href":"https:\/\/api.w.org\/{rel}","templated":true}]}}