{"id":347,"date":"2016-02-22T12:54:30","date_gmt":"2016-02-22T12:54:30","guid":{"rendered":"http:\/\/www.kopaturismo.com.br\/?page_id=347"},"modified":"2017-02-21T11:52:30","modified_gmt":"2017-02-21T14:52:30","slug":"cultura","status":"publish","type":"page","link":"https:\/\/www.kopaturismo.com.br\/en\/cultura\/","title":{"rendered":"Cultura"},"content":{"rendered":"<h2>Cultura<\/h2>\n<p>Antes, o programa dos finais de tarde era reunir em casa para contar casos e\u00a0ouvir suas est\u00f3rias \u201centre goles de caf\u00e9 ou, queimadinho de leite ado\u00e7ado\u00a0com rapadura e uma gamela de pipocas com piru\u00e1\u201d.<\/p>\n<p>Em assim sendo, o uso comum de uma terra que ao mesmo tempo que era\u00a0de todos, na verdade n\u00e3o era de ningu\u00e9m, fez com que se estabelecesse\u00a0uma forte identifica\u00e7\u00e3o entre a popula\u00e7\u00e3o local e a terra, a pequena\u00a0agricultura comunit\u00e1ria sendo o grande pilar econ\u00f4mico da comunidade.<\/p>\n<p>Mas a quebra desse isolamento, e o aporte cada vez maior de turistas e de\u00a0novos propriet\u00e1rios faz com que toda a economia passasse a pender para\u00a0aquelas atividades relacionadas \u00e0 presta\u00e7\u00e3o de servi\u00e7os.\u00a0Algumas mudan\u00e7as s\u00e3o percept\u00edveis na medida em que manifesta\u00e7\u00f5es antes\u00a0comuns tornam-se cada vez mais raras. No caso de manifesta\u00e7\u00f5es\u00a0religiosas, percebem-se que prociss\u00f5es antes comuns nas datas mais\u00a0importantes deixaram de acontecer uma vez que deveriam ocorrer\u00a0justamente em \u00e9pocas de feriado prolongado e, portanto, em ocasi\u00f5es em\u00a0que o n\u00famero de visitantes \u00e9 elevado.<\/p>\n<p>Com isto romperam uma tradi\u00e7\u00e3o da cultura local, exatamente aquela ligada\u00a0\u00e0 pr\u00f3pria cultura da terra. Quebrando-se o v\u00ednculo com a terra, corre-se o\u00a0risco de quebrar-se a pr\u00f3pria identidade do local.<\/p>\n<p>Em nossos passeios de experi\u00eancia visitamos fazendas hist\u00f3ricas, f\u00e1bricas\u00a0antigas, artes\u00f5es, alambiques e queijarias da regi\u00e3o para conhecer um pouco\u00a0do patrim\u00f4nio imaterial de Minas Gerais.<\/p>\n<p>Venha experimentar esta <a href=\"http:\/\/www.kopaturismo.com.br\/news\/tour-historico\/\">riqueza cultural da Serra do Cip\u00f3<\/a> e compartilhar das sabedorias de seus\u00a0habitantes nativos!<\/p>\n","protected":false},"excerpt":{"rendered":"<p>Cultura Antes, o programa dos finais de tarde era reunir em casa para contar casos e\u00a0ouvir suas est\u00f3rias \u201centre goles de caf\u00e9 ou, queimadinho de leite ado\u00e7ado\u00a0com rapadura e uma gamela de pipocas com piru\u00e1\u201d. Em assim sendo, o uso comum de uma terra que ao mesmo tempo que era\u00a0de todos, na verdade n\u00e3o era [&hellip;]<\/p>\n","protected":false},"author":1,"featured_media":0,"parent":0,"menu_order":0,"comment_status":"closed","ping_status":"closed","template":"","meta":{"_joinchat":[],"footnotes":""},"class_list":["post-347","page","type-page","status-publish","hentry"],"yoast_head":"<!-- This site is optimized with the Yoast SEO plugin v27.2 - https:\/\/yoast.com\/product\/yoast-seo-wordpress\/ -->\n<title>Cultura - Kopa Turismo - Ecoturismo Serra do Cip\u00f3<\/title>\n<meta name=\"description\" content=\"Empresa de turismo especializada em turismo receptivo. Entre seus servi\u00e7os, destaque para passeios em trilhas, cachoeiras na Serra do Cip\u00f3.\" \/>\n<meta name=\"robots\" content=\"index, follow, max-snippet:-1, max-image-preview:large, max-video-preview:-1\" \/>\n<link rel=\"canonical\" href=\"https:\/\/www.kopaturismo.com.br\/cultura\/\" \/>\n<meta property=\"og:locale\" content=\"en_US\" \/>\n<meta property=\"og:type\" content=\"article\" \/>\n<meta property=\"og:title\" content=\"Cultura - Kopa Turismo - Ecoturismo Serra do Cip\u00f3\" \/>\n<meta property=\"og:description\" content=\"Empresa de turismo especializada em turismo receptivo. Entre seus servi\u00e7os, destaque para passeios em trilhas, cachoeiras na Serra do Cip\u00f3.\" \/>\n<meta property=\"og:url\" content=\"https:\/\/www.kopaturismo.com.br\/cultura\/\" \/>\n<meta property=\"og:site_name\" content=\"Kopa Turismo - Ecoturismo Serra do Cip\u00f3\" \/>\n<meta property=\"article:modified_time\" content=\"2017-02-21T14:52:30+00:00\" \/>\n<meta name=\"twitter:card\" content=\"summary_large_image\" \/>\n<meta name=\"twitter:label1\" content=\"Est. reading time\" \/>\n\t<meta name=\"twitter:data1\" content=\"1 minute\" \/>\n<script type=\"application\/ld+json\" class=\"yoast-schema-graph\">{\"@context\":\"https:\/\/schema.org\",\"@graph\":[{\"@type\":\"WebPage\",\"@id\":\"https:\/\/www.kopaturismo.com.br\/cultura\/\",\"url\":\"https:\/\/www.kopaturismo.com.br\/cultura\/\",\"name\":\"Cultura - Kopa Turismo - Ecoturismo Serra do Cip\u00f3\",\"isPartOf\":{\"@id\":\"https:\/\/www.kopaturismo.com.br\/#website\"},\"datePublished\":\"2016-02-22T12:54:30+00:00\",\"dateModified\":\"2017-02-21T14:52:30+00:00\",\"description\":\"Empresa de turismo especializada em turismo receptivo. Entre seus servi\u00e7os, destaque para passeios em trilhas, cachoeiras na Serra do Cip\u00f3.\",\"breadcrumb\":{\"@id\":\"https:\/\/www.kopaturismo.com.br\/cultura\/#breadcrumb\"},\"inLanguage\":\"en-US\",\"potentialAction\":[{\"@type\":\"ReadAction\",\"target\":[\"https:\/\/www.kopaturismo.com.br\/cultura\/\"]}]},{\"@type\":\"BreadcrumbList\",\"@id\":\"https:\/\/www.kopaturismo.com.br\/cultura\/#breadcrumb\",\"itemListElement\":[{\"@type\":\"ListItem\",\"position\":1,\"name\":\"In\u00edcio\",\"item\":\"https:\/\/www.kopaturismo.com.br\/\"},{\"@type\":\"ListItem\",\"position\":2,\"name\":\"Cultura\"}]},{\"@type\":\"WebSite\",\"@id\":\"https:\/\/www.kopaturismo.com.br\/#website\",\"url\":\"https:\/\/www.kopaturismo.com.br\/\",\"name\":\"Kopa Turismo - Ecoturismo Serra do Cip\u00f3\",\"description\":\"Empresa de turismo especializada em turismo receptivo. Entre seus servi\u00e7os, destaque para passeios em trilhas, cachoeiras na Serra do Cip\u00f3.\",\"potentialAction\":[{\"@type\":\"SearchAction\",\"target\":{\"@type\":\"EntryPoint\",\"urlTemplate\":\"https:\/\/www.kopaturismo.com.br\/?s={search_term_string}\"},\"query-input\":{\"@type\":\"PropertyValueSpecification\",\"valueRequired\":true,\"valueName\":\"search_term_string\"}}],\"inLanguage\":\"en-US\"}]}<\/script>\n<!-- \/ Yoast SEO plugin. -->","yoast_head_json":{"title":"Cultura - Kopa Turismo - Ecoturismo Serra do Cip\u00f3","description":"Empresa de turismo especializada em turismo receptivo. Entre seus servi\u00e7os, destaque para passeios em trilhas, cachoeiras na Serra do Cip\u00f3.","robots":{"index":"index","follow":"follow","max-snippet":"max-snippet:-1","max-image-preview":"max-image-preview:large","max-video-preview":"max-video-preview:-1"},"canonical":"https:\/\/www.kopaturismo.com.br\/cultura\/","og_locale":"en_US","og_type":"article","og_title":"Cultura - Kopa Turismo - Ecoturismo Serra do Cip\u00f3","og_description":"Empresa de turismo especializada em turismo receptivo. Entre seus servi\u00e7os, destaque para passeios em trilhas, cachoeiras na Serra do Cip\u00f3.","og_url":"https:\/\/www.kopaturismo.com.br\/cultura\/","og_site_name":"Kopa Turismo - Ecoturismo Serra do Cip\u00f3","article_modified_time":"2017-02-21T14:52:30+00:00","twitter_card":"summary_large_image","twitter_misc":{"Est. reading time":"1 minute"},"schema":{"@context":"https:\/\/schema.org","@graph":[{"@type":"WebPage","@id":"https:\/\/www.kopaturismo.com.br\/cultura\/","url":"https:\/\/www.kopaturismo.com.br\/cultura\/","name":"Cultura - Kopa Turismo - Ecoturismo Serra do Cip\u00f3","isPartOf":{"@id":"https:\/\/www.kopaturismo.com.br\/#website"},"datePublished":"2016-02-22T12:54:30+00:00","dateModified":"2017-02-21T14:52:30+00:00","description":"Empresa de turismo especializada em turismo receptivo. Entre seus servi\u00e7os, destaque para passeios em trilhas, cachoeiras na Serra do Cip\u00f3.","breadcrumb":{"@id":"https:\/\/www.kopaturismo.com.br\/cultura\/#breadcrumb"},"inLanguage":"en-US","potentialAction":[{"@type":"ReadAction","target":["https:\/\/www.kopaturismo.com.br\/cultura\/"]}]},{"@type":"BreadcrumbList","@id":"https:\/\/www.kopaturismo.com.br\/cultura\/#breadcrumb","itemListElement":[{"@type":"ListItem","position":1,"name":"In\u00edcio","item":"https:\/\/www.kopaturismo.com.br\/"},{"@type":"ListItem","position":2,"name":"Cultura"}]},{"@type":"WebSite","@id":"https:\/\/www.kopaturismo.com.br\/#website","url":"https:\/\/www.kopaturismo.com.br\/","name":"Kopa Turismo - Ecoturismo Serra do Cip\u00f3","description":"Empresa de turismo especializada em turismo receptivo. Entre seus servi\u00e7os, destaque para passeios em trilhas, cachoeiras na Serra do Cip\u00f3.","potentialAction":[{"@type":"SearchAction","target":{"@type":"EntryPoint","urlTemplate":"https:\/\/www.kopaturismo.com.br\/?s={search_term_string}"},"query-input":{"@type":"PropertyValueSpecification","valueRequired":true,"valueName":"search_term_string"}}],"inLanguage":"en-US"}]}},"_links":{"self":[{"href":"https:\/\/www.kopaturismo.com.br\/en\/wp-json\/wp\/v2\/pages\/347","targetHints":{"allow":["GET"]}}],"collection":[{"href":"https:\/\/www.kopaturismo.com.br\/en\/wp-json\/wp\/v2\/pages"}],"about":[{"href":"https:\/\/www.kopaturismo.com.br\/en\/wp-json\/wp\/v2\/types\/page"}],"author":[{"embeddable":true,"href":"https:\/\/www.kopaturismo.com.br\/en\/wp-json\/wp\/v2\/users\/1"}],"replies":[{"embeddable":true,"href":"https:\/\/www.kopaturismo.com.br\/en\/wp-json\/wp\/v2\/comments?post=347"}],"version-history":[{"count":2,"href":"https:\/\/www.kopaturismo.com.br\/en\/wp-json\/wp\/v2\/pages\/347\/revisions"}],"predecessor-version":[{"id":376,"href":"https:\/\/www.kopaturismo.com.br\/en\/wp-json\/wp\/v2\/pages\/347\/revisions\/376"}],"wp:attachment":[{"href":"https:\/\/www.kopaturismo.com.br\/en\/wp-json\/wp\/v2\/media?parent=347"}],"curies":[{"name":"wp","href":"https:\/\/api.w.org\/{rel}","templated":true}]}}