{"id":352,"date":"2016-02-22T13:10:41","date_gmt":"2016-02-22T13:10:41","guid":{"rendered":"http:\/\/www.kopaturismo.com.br\/?page_id=352"},"modified":"2017-02-21T11:51:39","modified_gmt":"2017-02-21T14:51:39","slug":"historia","status":"publish","type":"page","link":"https:\/\/www.kopaturismo.com.br\/en\/historia\/","title":{"rendered":"Hist\u00f3ria"},"content":{"rendered":"<p><\/p>\n<h2>Hist\u00f3ria<\/h2>\n<p>A regi\u00e3o onde se localizam as cabeceiras do rio Cip\u00f3 e a divisora das bacias\u00a0hidrogr\u00e1ficas do Rio Doce e do Rio S\u00e3o Francisco, foi descoberta na \u00e9poca\u00a0dos bandeirantes. Antigamente eram conhecidas como a Serra da Vacaria.<\/p>\n<p>Os vilarejos da serra serviam como pontos de repouso e abastecimento.\u00a0Ainda hoje existem algumas das <a href=\"http:\/\/www.kopaturismo.com.br\/news\/tour-historico\/\">fazendas antigas<\/a> \u00a0que recebem visitantes e oferece\u00a0hospedagens. Nas cozinhas das fazendas encontramos uma vasta\u00a0diversidade de culin\u00e1ria, como a produ\u00e7\u00e3o caseira de quitandas, queijos e\u00a0doces.<\/p>\n<p>O trecho entre Morro do Pilar e Concei\u00e7\u00e3o do Mato Dentro faz parte da\u00a0<a href=\"http:\/\/institutoestradareal.com.br\" target=\"_blank\">Estrada Real<\/a> e oferece\u00a0monumentos hist\u00f3ricos, como a primeira usina de a\u00e7o do Brasil (1815). A\u00a0Estrada Real era o \u00fanico caminho que os levava do Rio de Janeiro at\u00e9 a Vila\u00a0do Serro Frio e Arraial do Tejuco, atuais cidades do Serro e Diamantina. Os\u00a0grandes garimpos de ouro e pedras valiosas na regi\u00e3o atra\u00edram aventureiros\u00a0e engenheiros do mundo inteiro. Com os portugueses vinham os escravos da\u00a0\u00c1frica para trabalhar nos garimpos e nas fazendas. At\u00e9 hoje se percebe a\u00a0forte influ\u00eancia africana no sincretismo religioso e nas manifesta\u00e7\u00f5es\u00a0culturais, como na <a href=\"http:\/\/www.kopaturismo.com.br\/news\/tour-historico\/\">Festa do Candombe<\/a>\u00a0e do Congado.<\/p>\n<p>Em alguns lugares se preservou a cultura e a sabedoria dos negros trazidos\u00a0da \u00c1frica at\u00e9 hoje, como na comunidade do A\u00e7ude ao lado da <a href=\"http:\/\/www.kopaturismo.com.br\/news\/tour-historico\/\">Fazenda Cip\u00f3<\/a>.<\/p>\n<p>&nbsp;<\/p>\n<p><strong>Estrada Real:<\/strong><\/p>\n<p>Durante trezentos anos a Coroa portuguesa impedia a passagem direta da\u00a0regi\u00e3o das minas at\u00e9 o litoral no Rio de Janeiro, para evitar o contrabando de\u00a0ouro e diamantes. Criou-se, assim, a chamada \u201cEstrada Real\u201d. Com o\u00a0esgotamento das minas e a crise econ\u00f4mica portuguesa no fim do s\u00e9culo\u00a0XVIII, tornou-se indispens\u00e1vel derrubar e explorar a mata atl\u00e2ntica e entrar\u00a0em confronto com os chamados \u00edndios \u201cbotocudos\u201d na regi\u00e3o da cidade de\u00a0Concei\u00e7\u00e3o do Mato Dentro. Nesse per\u00edodo, chamava-se de \u201cBotocudo\u201d todo\u00a0ajuntamento de \u00edndios, principalmente as tribos do Rio Doce e do Esp\u00edrito\u00a0Santo. Muitas tribos fugiram para o vale do Rio S\u00e3o Francisco e para o vale\u00a0do Rio Mucuri.<\/p>\n<p>No s\u00e9culo XX se dizia que n\u00e3o havia mais \u00edndios ou que no m\u00e1ximo havia\u00a0alguns \u201cBotocudos\u201d sobreviventes, como a tribo dos Maxacali. Os Maxacali sa\u00edram da regi\u00e3o de Diamantina e do Vale do\u00a0Jequitinhonha e foram para o Vale de Mucuri. Essa tribo sobreviveu a\u00a0invas\u00e3o portuguesa e preservou a sua pr\u00f3pria cultura e l\u00edngua at\u00e9 hoje,\u00a0porque sempre manteve grande dist\u00e2ncia \u00e0s colonizadores europeus e nunca\u00a0se aculturou.<\/p>\n<p>Darcy Ribeiro costumava dizer que a maior heran\u00e7a que o Brasil recebeu dos\u00a0\u00edndios n\u00e3o foi propriamente o territ\u00f3rio, mas a experi\u00eancia de viver em\u00a0sociedade. A capacidade de viver junto, reconhecendo a territorialidade um\u00a0do outro como elemento fundador, mas tamb\u00e9m da sua identidade, da sua\u00a0cultura e do seu sentido de humanidade.<\/p>","protected":false},"excerpt":{"rendered":"<p>Hist\u00f3ria A regi\u00e3o onde se localizam as cabeceiras do rio Cip\u00f3 e a divisora das bacias\u00a0hidrogr\u00e1ficas do Rio Doce e do Rio S\u00e3o Francisco, foi descoberta na \u00e9poca\u00a0dos bandeirantes. Antigamente eram conhecidas como a Serra da Vacaria. Os vilarejos da serra serviam como pontos de repouso e abastecimento.\u00a0Ainda hoje existem algumas das fazendas antigas \u00a0que [&hellip;]<\/p>\n","protected":false},"author":1,"featured_media":0,"parent":0,"menu_order":0,"comment_status":"closed","ping_status":"closed","template":"","meta":{"_joinchat":[],"footnotes":""},"class_list":["post-352","page","type-page","status-publish","hentry"],"yoast_head":"<!-- This site is optimized with the Yoast SEO plugin v27.2 - https:\/\/yoast.com\/product\/yoast-seo-wordpress\/ -->\n<title>Hist\u00f3ria - Kopa Turismo - Ecoturismo Serra do Cip\u00f3<\/title>\n<meta name=\"description\" content=\"Empresa de turismo especializada em turismo receptivo. Entre seus servi\u00e7os, destaque para passeios em trilhas, cachoeiras na Serra do Cip\u00f3.\" \/>\n<meta name=\"robots\" content=\"index, follow, max-snippet:-1, max-image-preview:large, max-video-preview:-1\" \/>\n<link rel=\"canonical\" href=\"https:\/\/www.kopaturismo.com.br\/historia\/\" \/>\n<meta property=\"og:locale\" content=\"en_US\" \/>\n<meta property=\"og:type\" content=\"article\" \/>\n<meta property=\"og:title\" content=\"Hist\u00f3ria - Kopa Turismo - Ecoturismo Serra do Cip\u00f3\" \/>\n<meta property=\"og:description\" content=\"Empresa de turismo especializada em turismo receptivo. Entre seus servi\u00e7os, destaque para passeios em trilhas, cachoeiras na Serra do Cip\u00f3.\" \/>\n<meta property=\"og:url\" content=\"https:\/\/www.kopaturismo.com.br\/historia\/\" \/>\n<meta property=\"og:site_name\" content=\"Kopa Turismo - Ecoturismo Serra do Cip\u00f3\" \/>\n<meta property=\"article:modified_time\" content=\"2017-02-21T14:51:39+00:00\" \/>\n<meta name=\"twitter:card\" content=\"summary_large_image\" \/>\n<meta name=\"twitter:label1\" content=\"Est. reading time\" \/>\n\t<meta name=\"twitter:data1\" content=\"5 minutes\" \/>\n<script type=\"application\/ld+json\" class=\"yoast-schema-graph\">{\"@context\":\"https:\/\/schema.org\",\"@graph\":[{\"@type\":\"WebPage\",\"@id\":\"https:\/\/www.kopaturismo.com.br\/historia\/\",\"url\":\"https:\/\/www.kopaturismo.com.br\/historia\/\",\"name\":\"Hist\u00f3ria - Kopa Turismo - Ecoturismo Serra do Cip\u00f3\",\"isPartOf\":{\"@id\":\"https:\/\/www.kopaturismo.com.br\/#website\"},\"datePublished\":\"2016-02-22T13:10:41+00:00\",\"dateModified\":\"2017-02-21T14:51:39+00:00\",\"description\":\"Empresa de turismo especializada em turismo receptivo. Entre seus servi\u00e7os, destaque para passeios em trilhas, cachoeiras na Serra do Cip\u00f3.\",\"breadcrumb\":{\"@id\":\"https:\/\/www.kopaturismo.com.br\/historia\/#breadcrumb\"},\"inLanguage\":\"en-US\",\"potentialAction\":[{\"@type\":\"ReadAction\",\"target\":[\"https:\/\/www.kopaturismo.com.br\/historia\/\"]}]},{\"@type\":\"BreadcrumbList\",\"@id\":\"https:\/\/www.kopaturismo.com.br\/historia\/#breadcrumb\",\"itemListElement\":[{\"@type\":\"ListItem\",\"position\":1,\"name\":\"In\u00edcio\",\"item\":\"https:\/\/www.kopaturismo.com.br\/\"},{\"@type\":\"ListItem\",\"position\":2,\"name\":\"Hist\u00f3ria\"}]},{\"@type\":\"WebSite\",\"@id\":\"https:\/\/www.kopaturismo.com.br\/#website\",\"url\":\"https:\/\/www.kopaturismo.com.br\/\",\"name\":\"Kopa Turismo - Ecoturismo Serra do Cip\u00f3\",\"description\":\"Empresa de turismo especializada em turismo receptivo. Entre seus servi\u00e7os, destaque para passeios em trilhas, cachoeiras na Serra do Cip\u00f3.\",\"potentialAction\":[{\"@type\":\"SearchAction\",\"target\":{\"@type\":\"EntryPoint\",\"urlTemplate\":\"https:\/\/www.kopaturismo.com.br\/?s={search_term_string}\"},\"query-input\":{\"@type\":\"PropertyValueSpecification\",\"valueRequired\":true,\"valueName\":\"search_term_string\"}}],\"inLanguage\":\"en-US\"}]}<\/script>\n<!-- \/ Yoast SEO plugin. -->","yoast_head_json":{"title":"Hist\u00f3ria - Kopa Turismo - Ecoturismo Serra do Cip\u00f3","description":"Empresa de turismo especializada em turismo receptivo. Entre seus servi\u00e7os, destaque para passeios em trilhas, cachoeiras na Serra do Cip\u00f3.","robots":{"index":"index","follow":"follow","max-snippet":"max-snippet:-1","max-image-preview":"max-image-preview:large","max-video-preview":"max-video-preview:-1"},"canonical":"https:\/\/www.kopaturismo.com.br\/historia\/","og_locale":"en_US","og_type":"article","og_title":"Hist\u00f3ria - Kopa Turismo - Ecoturismo Serra do Cip\u00f3","og_description":"Empresa de turismo especializada em turismo receptivo. Entre seus servi\u00e7os, destaque para passeios em trilhas, cachoeiras na Serra do Cip\u00f3.","og_url":"https:\/\/www.kopaturismo.com.br\/historia\/","og_site_name":"Kopa Turismo - Ecoturismo Serra do Cip\u00f3","article_modified_time":"2017-02-21T14:51:39+00:00","twitter_card":"summary_large_image","twitter_misc":{"Est. reading time":"5 minutes"},"schema":{"@context":"https:\/\/schema.org","@graph":[{"@type":"WebPage","@id":"https:\/\/www.kopaturismo.com.br\/historia\/","url":"https:\/\/www.kopaturismo.com.br\/historia\/","name":"Hist\u00f3ria - Kopa Turismo - Ecoturismo Serra do Cip\u00f3","isPartOf":{"@id":"https:\/\/www.kopaturismo.com.br\/#website"},"datePublished":"2016-02-22T13:10:41+00:00","dateModified":"2017-02-21T14:51:39+00:00","description":"Empresa de turismo especializada em turismo receptivo. Entre seus servi\u00e7os, destaque para passeios em trilhas, cachoeiras na Serra do Cip\u00f3.","breadcrumb":{"@id":"https:\/\/www.kopaturismo.com.br\/historia\/#breadcrumb"},"inLanguage":"en-US","potentialAction":[{"@type":"ReadAction","target":["https:\/\/www.kopaturismo.com.br\/historia\/"]}]},{"@type":"BreadcrumbList","@id":"https:\/\/www.kopaturismo.com.br\/historia\/#breadcrumb","itemListElement":[{"@type":"ListItem","position":1,"name":"In\u00edcio","item":"https:\/\/www.kopaturismo.com.br\/"},{"@type":"ListItem","position":2,"name":"Hist\u00f3ria"}]},{"@type":"WebSite","@id":"https:\/\/www.kopaturismo.com.br\/#website","url":"https:\/\/www.kopaturismo.com.br\/","name":"Kopa Turismo - Ecoturismo Serra do Cip\u00f3","description":"Empresa de turismo especializada em turismo receptivo. Entre seus servi\u00e7os, destaque para passeios em trilhas, cachoeiras na Serra do Cip\u00f3.","potentialAction":[{"@type":"SearchAction","target":{"@type":"EntryPoint","urlTemplate":"https:\/\/www.kopaturismo.com.br\/?s={search_term_string}"},"query-input":{"@type":"PropertyValueSpecification","valueRequired":true,"valueName":"search_term_string"}}],"inLanguage":"en-US"}]}},"_links":{"self":[{"href":"https:\/\/www.kopaturismo.com.br\/en\/wp-json\/wp\/v2\/pages\/352","targetHints":{"allow":["GET"]}}],"collection":[{"href":"https:\/\/www.kopaturismo.com.br\/en\/wp-json\/wp\/v2\/pages"}],"about":[{"href":"https:\/\/www.kopaturismo.com.br\/en\/wp-json\/wp\/v2\/types\/page"}],"author":[{"embeddable":true,"href":"https:\/\/www.kopaturismo.com.br\/en\/wp-json\/wp\/v2\/users\/1"}],"replies":[{"embeddable":true,"href":"https:\/\/www.kopaturismo.com.br\/en\/wp-json\/wp\/v2\/comments?post=352"}],"version-history":[{"count":5,"href":"https:\/\/www.kopaturismo.com.br\/en\/wp-json\/wp\/v2\/pages\/352\/revisions"}],"predecessor-version":[{"id":415,"href":"https:\/\/www.kopaturismo.com.br\/en\/wp-json\/wp\/v2\/pages\/352\/revisions\/415"}],"wp:attachment":[{"href":"https:\/\/www.kopaturismo.com.br\/en\/wp-json\/wp\/v2\/media?parent=352"}],"curies":[{"name":"wp","href":"https:\/\/api.w.org\/{rel}","templated":true}]}}