{"id":354,"date":"2016-02-22T13:22:42","date_gmt":"2016-02-22T13:22:42","guid":{"rendered":"http:\/\/www.kopaturismo.com.br\/?page_id=354"},"modified":"2017-02-21T11:48:25","modified_gmt":"2017-02-21T14:48:25","slug":"natureza","status":"publish","type":"page","link":"https:\/\/www.kopaturismo.com.br\/en\/natureza\/","title":{"rendered":"Natureza"},"content":{"rendered":"<h2>NATUREZA<\/h2>\n<p>&nbsp;<\/p>\n<h5>Os biomas do Parque Nacional Serra do Cip\u00f3<\/h5>\n<p>A Serra do Cip\u00f3 faz parte da cadeia da Serra do Espinha\u00e7o, que se estende por\u00a01.000 km desde a regi\u00e3o metropolitana de Belo Horizonte at\u00e9 a Chapada\u00a0Diamantina, na Bahia. As montanhas da regi\u00e3o abrigam numerosos manaciais e\u00a0cursos d\u2019\u00e1gua de excelente qualidade. Aqui nascem as bacias do Rio S\u00e3o\u00a0Francisco e do Rio Doce. \u00c9 poss\u00edvel conhecer a divisora das \u00e1guas desses dois\u00a0rios na <a href=\"http:\/\/www.kopaturismo.com.br\/news\/parque-nacional-travessao\/\">trilha do Travess\u00e3o<\/a>.<\/p>\n<p>Em termos de biodiversidade, a Serra do Cip\u00f3, como as demais \u00e1reas de\u00a0campos rupestres ao longo da cadeia do Espinha\u00e7o, destaca-se pela elevada\u00a0riqueza e pelo endemismo de esp\u00e9cies de plantas, com esp\u00e9cies de Cerrado,\u00a0Mata Atl\u00e2ntica, Campos Rupestres e Campos de Altitude. As rochas arenosas\u00a0que formam a serra s\u00e3o dep\u00f3sitos marinhos com uma idade de mais de 1,7\u00a0bilh\u00f5es de anos.<\/p>\n<p>Para preservar as nascentes e suas in\u00fameras cachoeiras foram criados\u00a0o\u00a0Parque Nacional Serra do Cip\u00f3 em 1984 e a APA Grande Pedreira (\u00c1rea de\u00a0Prote\u00e7\u00e3o Ambiental) em 1990, que fazem parte da Serra do Espinha\u00e7o &#8211;\u00a0Reserva da Biosfera pela UNESCO. A Serra do Cip\u00f3 \u00e9 classificada como uma\u00a0\u00e1rea de import\u00e2ncia biol\u00f3gica extremamente alta e conhecida como o \u201cpara\u00edso\u00a0dos bot\u00e2nicos\u201d, por concentrar o maior n\u00famero de flores por metro quadrado do\u00a0pa\u00eds, maior inclusive do que a Floresta Amaz\u00f4nica.<\/p>\n<p>Um dos maiores conhecedores daquela regi\u00e3o era o paisagista Burle Marx, que\u00a0fez v\u00e1rias incurs\u00f5es pela Serra do Cip\u00f3 ao lado do bot\u00e2nico brasileiro Mello\u00a0Barreto.<\/p>\n<p>Para se ter uma ideia da import\u00e2ncia biol\u00f3gica desta condi\u00e7\u00e3o natural, o\u00a0endemismo na Serra do Cip\u00f3 s\u00f3 encontra similares nas montanhas dos Andes e\u00a0do Himalaia. Segundo pesquisas do bot\u00e2nico brasileiro Aylthon B. Joly, \u00e9 nos\u00a0campos rupestres que ocorrem o maior \u00edndice de diversidade de esp\u00e9cies\u00a0end\u00eamicas no Brasil. Oferecemos passeios com guias especializados em\u00a0observa\u00e7\u00e3o de aves e uma visita no projeto ASAS (\u00c1rea de Soltura de Animais\u00a0Silvestres \u2013 IBAMA) na <a href=\"http:\/\/www.kopaturismo.com.br\/news\/uma-introducao-ao-cerrado-na-serra-do-cipo\/\">RPPN Fazenda Alto do Pal\u00e1cio<\/a>.<\/p>\n<p>O clima da Serra do Cip\u00f3 \u00e9 classificado como tropical de altitude, com uma\u00a0precipita\u00e7\u00e3o anual entre 1.300 e 1.600 mm e duas esta\u00e7\u00f5es bem definidas: uma\u00a0esta\u00e7\u00e3o seca, de maio a outubro, e uma esta\u00e7\u00e3o chuvosa, que se estende de\u00a0novembro a abril com temperaturas que oscilam entre 13o e 37o C.\u00a0A esta\u00e7\u00e3o seca \u00e9 mais prop\u00edcia \u00e0s pr\u00e1ticas de escalada e para travessias pelo\u00a0clima ameno. As temperaturas baixas e a estabilidade do tempo favorecem\u00a0longas caminhadas e pernoites no alto da serra. Na esta\u00e7\u00e3o seca os valores de\u00a0umidade relativa do ar podem cair at\u00e9 15%.<\/p>\n<p>As altitudes na serra variam entre cerca de 750 e 2.000 metros e a regi\u00e3o como\u00a0um todo pode ser dividida em dois Geossistemas: A parte baixa, onde\u00a0predomina o Cerrado e os Campos Rupestres na parte alta do parque, que\u00a0constitui cerca de 80% da \u00e1rea do parque.\u00a0A paisagem do Parque e seu entorno se apresenta como um grande mosaico\u00a0vegetacional, tanto em termos flor\u00edsticos, como tamb\u00e9m pela proximidade de\u00a0cursos d\u2019\u00e1gua e len\u00e7\u00f3is fre\u00e1ticos que provocam uma grande varia\u00e7\u00e3o na\u00a0umidade do ar.<\/p>\n<p>A presen\u00e7a humana nessa regi\u00e3o data de pelo menos 8.000 anos AC, mas h\u00e1\u00a0ind\u00edcios de que esses grupos de paleo\u00edndios j\u00e1 habitavam essa \u00e1rea h\u00e1 11.600\u00a0anos AC. Em algumas trilhas na <a href=\"http:\/\/www.kopaturismo.com.br\/news\/trilha-pedra-do-elefante-alto-do-palacio\/\">Serra do Cip\u00f3<\/a> , em <a href=\"http:\/\/www.kopaturismo.com.br\/news\/lagoa-do-sumidouro-e-gruta-da-lapinha\/\">Lagoa Santa <\/a>e na canoagem na <a href=\"http:\/\/www.kopaturismo.com.br\/news\/canoagem\/\">Lapinha da Serra<\/a>\u00a0\u00e9 poss\u00edvel avistar pinturas\u00a0rupestres.<\/p>\n","protected":false},"excerpt":{"rendered":"<p>NATUREZA &nbsp; Os biomas do Parque Nacional Serra do Cip\u00f3 A Serra do Cip\u00f3 faz parte da cadeia da Serra do Espinha\u00e7o, que se estende por\u00a01.000 km desde a regi\u00e3o metropolitana de Belo Horizonte at\u00e9 a Chapada\u00a0Diamantina, na Bahia. As montanhas da regi\u00e3o abrigam numerosos manaciais e\u00a0cursos d\u2019\u00e1gua de excelente qualidade. Aqui nascem as bacias [&hellip;]<\/p>\n","protected":false},"author":1,"featured_media":0,"parent":0,"menu_order":0,"comment_status":"closed","ping_status":"closed","template":"","meta":{"_joinchat":[],"footnotes":""},"class_list":["post-354","page","type-page","status-publish","hentry"],"yoast_head":"<!-- This site is optimized with the Yoast SEO plugin v27.2 - https:\/\/yoast.com\/product\/yoast-seo-wordpress\/ -->\n<title>Natureza - Kopa Turismo - Ecoturismo Serra do Cip\u00f3<\/title>\n<meta name=\"description\" content=\"Empresa de turismo especializada em turismo receptivo. Entre seus servi\u00e7os, destaque para passeios em trilhas, cachoeiras na Serra do Cip\u00f3.\" \/>\n<meta name=\"robots\" content=\"index, follow, max-snippet:-1, max-image-preview:large, max-video-preview:-1\" \/>\n<link rel=\"canonical\" href=\"https:\/\/www.kopaturismo.com.br\/natureza\/\" \/>\n<meta property=\"og:locale\" content=\"en_US\" \/>\n<meta property=\"og:type\" content=\"article\" \/>\n<meta property=\"og:title\" content=\"Natureza - Kopa Turismo - Ecoturismo Serra do Cip\u00f3\" \/>\n<meta property=\"og:description\" content=\"Empresa de turismo especializada em turismo receptivo. Entre seus servi\u00e7os, destaque para passeios em trilhas, cachoeiras na Serra do Cip\u00f3.\" \/>\n<meta property=\"og:url\" content=\"https:\/\/www.kopaturismo.com.br\/natureza\/\" \/>\n<meta property=\"og:site_name\" content=\"Kopa Turismo - Ecoturismo Serra do Cip\u00f3\" \/>\n<meta property=\"article:modified_time\" content=\"2017-02-21T14:48:25+00:00\" \/>\n<meta name=\"twitter:card\" content=\"summary_large_image\" \/>\n<meta name=\"twitter:label1\" content=\"Est. reading time\" \/>\n\t<meta name=\"twitter:data1\" content=\"3 minutes\" \/>\n<script type=\"application\/ld+json\" class=\"yoast-schema-graph\">{\"@context\":\"https:\/\/schema.org\",\"@graph\":[{\"@type\":\"WebPage\",\"@id\":\"https:\/\/www.kopaturismo.com.br\/natureza\/\",\"url\":\"https:\/\/www.kopaturismo.com.br\/natureza\/\",\"name\":\"Natureza - Kopa Turismo - Ecoturismo Serra do Cip\u00f3\",\"isPartOf\":{\"@id\":\"https:\/\/www.kopaturismo.com.br\/#website\"},\"datePublished\":\"2016-02-22T13:22:42+00:00\",\"dateModified\":\"2017-02-21T14:48:25+00:00\",\"description\":\"Empresa de turismo especializada em turismo receptivo. Entre seus servi\u00e7os, destaque para passeios em trilhas, cachoeiras na Serra do Cip\u00f3.\",\"breadcrumb\":{\"@id\":\"https:\/\/www.kopaturismo.com.br\/natureza\/#breadcrumb\"},\"inLanguage\":\"en-US\",\"potentialAction\":[{\"@type\":\"ReadAction\",\"target\":[\"https:\/\/www.kopaturismo.com.br\/natureza\/\"]}]},{\"@type\":\"BreadcrumbList\",\"@id\":\"https:\/\/www.kopaturismo.com.br\/natureza\/#breadcrumb\",\"itemListElement\":[{\"@type\":\"ListItem\",\"position\":1,\"name\":\"In\u00edcio\",\"item\":\"https:\/\/www.kopaturismo.com.br\/\"},{\"@type\":\"ListItem\",\"position\":2,\"name\":\"Natureza\"}]},{\"@type\":\"WebSite\",\"@id\":\"https:\/\/www.kopaturismo.com.br\/#website\",\"url\":\"https:\/\/www.kopaturismo.com.br\/\",\"name\":\"Kopa Turismo - Ecoturismo Serra do Cip\u00f3\",\"description\":\"Empresa de turismo especializada em turismo receptivo. Entre seus servi\u00e7os, destaque para passeios em trilhas, cachoeiras na Serra do Cip\u00f3.\",\"potentialAction\":[{\"@type\":\"SearchAction\",\"target\":{\"@type\":\"EntryPoint\",\"urlTemplate\":\"https:\/\/www.kopaturismo.com.br\/?s={search_term_string}\"},\"query-input\":{\"@type\":\"PropertyValueSpecification\",\"valueRequired\":true,\"valueName\":\"search_term_string\"}}],\"inLanguage\":\"en-US\"}]}<\/script>\n<!-- \/ Yoast SEO plugin. -->","yoast_head_json":{"title":"Natureza - Kopa Turismo - Ecoturismo Serra do Cip\u00f3","description":"Empresa de turismo especializada em turismo receptivo. Entre seus servi\u00e7os, destaque para passeios em trilhas, cachoeiras na Serra do Cip\u00f3.","robots":{"index":"index","follow":"follow","max-snippet":"max-snippet:-1","max-image-preview":"max-image-preview:large","max-video-preview":"max-video-preview:-1"},"canonical":"https:\/\/www.kopaturismo.com.br\/natureza\/","og_locale":"en_US","og_type":"article","og_title":"Natureza - Kopa Turismo - Ecoturismo Serra do Cip\u00f3","og_description":"Empresa de turismo especializada em turismo receptivo. Entre seus servi\u00e7os, destaque para passeios em trilhas, cachoeiras na Serra do Cip\u00f3.","og_url":"https:\/\/www.kopaturismo.com.br\/natureza\/","og_site_name":"Kopa Turismo - Ecoturismo Serra do Cip\u00f3","article_modified_time":"2017-02-21T14:48:25+00:00","twitter_card":"summary_large_image","twitter_misc":{"Est. reading time":"3 minutes"},"schema":{"@context":"https:\/\/schema.org","@graph":[{"@type":"WebPage","@id":"https:\/\/www.kopaturismo.com.br\/natureza\/","url":"https:\/\/www.kopaturismo.com.br\/natureza\/","name":"Natureza - Kopa Turismo - Ecoturismo Serra do Cip\u00f3","isPartOf":{"@id":"https:\/\/www.kopaturismo.com.br\/#website"},"datePublished":"2016-02-22T13:22:42+00:00","dateModified":"2017-02-21T14:48:25+00:00","description":"Empresa de turismo especializada em turismo receptivo. Entre seus servi\u00e7os, destaque para passeios em trilhas, cachoeiras na Serra do Cip\u00f3.","breadcrumb":{"@id":"https:\/\/www.kopaturismo.com.br\/natureza\/#breadcrumb"},"inLanguage":"en-US","potentialAction":[{"@type":"ReadAction","target":["https:\/\/www.kopaturismo.com.br\/natureza\/"]}]},{"@type":"BreadcrumbList","@id":"https:\/\/www.kopaturismo.com.br\/natureza\/#breadcrumb","itemListElement":[{"@type":"ListItem","position":1,"name":"In\u00edcio","item":"https:\/\/www.kopaturismo.com.br\/"},{"@type":"ListItem","position":2,"name":"Natureza"}]},{"@type":"WebSite","@id":"https:\/\/www.kopaturismo.com.br\/#website","url":"https:\/\/www.kopaturismo.com.br\/","name":"Kopa Turismo - Ecoturismo Serra do Cip\u00f3","description":"Empresa de turismo especializada em turismo receptivo. Entre seus servi\u00e7os, destaque para passeios em trilhas, cachoeiras na Serra do Cip\u00f3.","potentialAction":[{"@type":"SearchAction","target":{"@type":"EntryPoint","urlTemplate":"https:\/\/www.kopaturismo.com.br\/?s={search_term_string}"},"query-input":{"@type":"PropertyValueSpecification","valueRequired":true,"valueName":"search_term_string"}}],"inLanguage":"en-US"}]}},"_links":{"self":[{"href":"https:\/\/www.kopaturismo.com.br\/en\/wp-json\/wp\/v2\/pages\/354","targetHints":{"allow":["GET"]}}],"collection":[{"href":"https:\/\/www.kopaturismo.com.br\/en\/wp-json\/wp\/v2\/pages"}],"about":[{"href":"https:\/\/www.kopaturismo.com.br\/en\/wp-json\/wp\/v2\/types\/page"}],"author":[{"embeddable":true,"href":"https:\/\/www.kopaturismo.com.br\/en\/wp-json\/wp\/v2\/users\/1"}],"replies":[{"embeddable":true,"href":"https:\/\/www.kopaturismo.com.br\/en\/wp-json\/wp\/v2\/comments?post=354"}],"version-history":[{"count":2,"href":"https:\/\/www.kopaturismo.com.br\/en\/wp-json\/wp\/v2\/pages\/354\/revisions"}],"predecessor-version":[{"id":374,"href":"https:\/\/www.kopaturismo.com.br\/en\/wp-json\/wp\/v2\/pages\/354\/revisions\/374"}],"wp:attachment":[{"href":"https:\/\/www.kopaturismo.com.br\/en\/wp-json\/wp\/v2\/media?parent=354"}],"curies":[{"name":"wp","href":"https:\/\/api.w.org\/{rel}","templated":true}]}}