{"id":5,"date":"2016-01-19T15:47:49","date_gmt":"2016-01-19T15:47:49","guid":{"rendered":"http:\/\/metasdigitais.net.br\/kopa_turismo\/?page_id=5"},"modified":"2020-05-31T20:02:37","modified_gmt":"2020-05-31T23:02:37","slug":"ecoturismo","status":"publish","type":"page","link":"https:\/\/www.kopaturismo.com.br\/en\/ecoturismo\/","title":{"rendered":"Ekotourism"},"content":{"rendered":"<p><\/p>\n<h2 style=\"text-align: center;\">Ekotourism<\/h2>\n<p>&nbsp;<\/p>\n<p>We offer all kind of ecological tours in and outside of the Serra do Cip\u00f3\u00a0National Park.\u00a0The Serra do Cip\u00f3 is considered one of the best ecotourism destinations in\u00a0Brazil. The region offers attractions for all ages and has excellent restaurants,\u00a0cozy inns with many. Access is done completely on paved roads, arriving at\u00a0the Tancredo Neves International Airport in Confins (75 km) or starting in the\u00a0state capital Belo Horizonte (98 km). We offer you more than 15 varieties of\u00a0different leisure activities, adventure tourism, and all kinds of outdoor sports.<\/p>\n<p>The name \u201cSerra do Cip\u00f3\u201d designates, since the nineteenth century, the\u00a0region of the river headwaters of the Rio Cip\u00f3 and the river basins of the Rio\u00a0Doce and Rio S\u00e3o Francisco. In 1984 the federal government created the\u00a0Serra do Cip\u00f3 National Park in order to preserve the springs and its numerous\u00a0waterfalls. In 1990 the park was amplified by and the Environmental<\/p>\n<p>Protection Area \u201cAPA Morro da Pedreira\u201d. Both are part of the \u201cEspinha\u00e7o &#8211;\u00a0Biosphere Reserve\u201d by UNESCO.<\/p>\n<p>Get in touch in order to experience a customized trip!<\/p>\n<p>&nbsp;<\/p>\n<p>&nbsp;<\/p>\n<p>\t<div class=\"wpnawfree-plugin news-clearfix \" id=\"wpnw-news-2\">\r\n\r\n\t\t\r\n\t\t\t<div id=\"post-182\" class=\"news type-news wpnaw-blog-class has-no-date news-col-2 wpnaw-first\">\r\n\t\t\t\t<div class=\"news-inner-wrap-view news-clearfix \">\r\n\r\n\t\t\t\t\t\t\t\t\t\t<div class=\"news-thumb\">\r\n\t\t\t\t\t\t\t\t\t\t\t\t\t<div class=\"grid-news-thumb\">\r\n\t\t\t\t\t\t\t\t<a href=\"https:\/\/www.kopaturismo.com.br\/en\/news\/cachoeiras-da-serra-do-cipo\/\"><img loading=\"lazy\" decoding=\"async\" width=\"700\" height=\"378\" src=\"https:\/\/www.kopaturismo.com.br\/wp-content\/uploads\/2018\/08\/22072018-sumitumba.jpg\" class=\"attachment-medium_large size-medium_large wp-post-image\" alt=\"\" srcset=\"https:\/\/www.kopaturismo.com.br\/wp-content\/uploads\/2018\/08\/22072018-sumitumba.jpg 700w, https:\/\/www.kopaturismo.com.br\/wp-content\/uploads\/2018\/08\/22072018-sumitumba-300x162.jpg 300w\" sizes=\"auto, (max-width: 700px) 100vw, 700px\" \/><\/a>\r\n\t\t\t\t\t\t\t<\/div>\r\n\t\t\t\t\t\t\t\t\t\t\t<\/div>\r\n\t\t\t\t\t\r\n\t\t\t\t\t<div class=\"news-content\">\r\n\t\t\t\t\t\t\t\t\t\t\t\t\t<div class=\"grid-date-post\">\r\n\t\t\t\t\t\t\t\t\t\t\t\t\t\t\t<\/div>\r\n\t\t\t\t\t\t\r\n\t\t\t\t\t\t<div class=\"post-content-text\">\r\n\t\t\t\t\t\t\t<h3 class=\"news-title\"><a href=\"https:\/\/www.kopaturismo.com.br\/en\/news\/cachoeiras-da-serra-do-cipo\/\" rel=\"bookmark\">Waterfalls of the Serra do Cip\u00f3<\/a><\/h3>\t\t\t\t\t\t\t\t<div class=\"news-content-excerpt\">\r\n\t\t\t\t\t\t\t\t\t\t\t\t\t\t\t\t\t\t\t<div class=\"news-short-content\">\r\n\t\t\t\t\t\t\t\t\t\t\tWaterfalls of the Serra do Cip\u00f3\t\t\t\t\t\t\t\t\t\t<\/div>\r\n\t\t\t\t\t\t\t\t\t\t<a href=\"https:\/\/www.kopaturismo.com.br\/en\/news\/cachoeiras-da-serra-do-cipo\/\" class=\"news-more-link\">Read More<\/a>\r\n\t\t\t\t\t\t\t\t\t\t\t\t\t\t\t\t\t<\/div><!-- .entry-content -->\r\n\t\t\t\t\t\t\t\t\t\t\t\t\t<\/div>\r\n\t\t\t\t\t<\/div>\r\n\t\t\t\t<\/div><!-- #post-## -->\r\n\t\t\t<\/div><!-- #post-## -->\r\n\t\t\r\n\t\t\t<div id=\"post-169\" class=\"news type-news wpnaw-blog-class has-no-date news-col-2 wpnaw-last\">\r\n\t\t\t\t<div class=\"news-inner-wrap-view news-clearfix \">\r\n\r\n\t\t\t\t\t\t\t\t\t\t<div class=\"news-thumb\">\r\n\t\t\t\t\t\t\t\t\t\t\t\t\t<div class=\"grid-news-thumb\">\r\n\t\t\t\t\t\t\t\t<a href=\"https:\/\/www.kopaturismo.com.br\/en\/news\/travessias\/\"><img loading=\"lazy\" decoding=\"async\" width=\"768\" height=\"576\" src=\"https:\/\/www.kopaturismo.com.br\/wp-content\/uploads\/2016\/02\/tabuleiro.jpg\" class=\"attachment-medium_large size-medium_large wp-post-image\" alt=\"\" srcset=\"https:\/\/www.kopaturismo.com.br\/wp-content\/uploads\/2016\/02\/tabuleiro.jpg 800w, https:\/\/www.kopaturismo.com.br\/wp-content\/uploads\/2016\/02\/tabuleiro-300x225.jpg 300w\" sizes=\"auto, (max-width: 768px) 100vw, 768px\" \/><\/a>\r\n\t\t\t\t\t\t\t<\/div>\r\n\t\t\t\t\t\t\t\t\t\t\t<\/div>\r\n\t\t\t\t\t\r\n\t\t\t\t\t<div class=\"news-content\">\r\n\t\t\t\t\t\t\t\t\t\t\t\t\t<div class=\"grid-date-post\">\r\n\t\t\t\t\t\t\t\t\t\t\t\t\t\t\t<\/div>\r\n\t\t\t\t\t\t\r\n\t\t\t\t\t\t<div class=\"post-content-text\">\r\n\t\t\t\t\t\t\t<h3 class=\"news-title\"><a href=\"https:\/\/www.kopaturismo.com.br\/en\/news\/travessias\/\" rel=\"bookmark\">Long hikes<\/a><\/h3>\t\t\t\t\t\t\t\t<div class=\"news-content-excerpt\">\r\n\t\t\t\t\t\t\t\t\t\t\t\t\t\t\t\t\t\t\t<div class=\"news-short-content\">\r\n\t\t\t\t\t\t\t\t\t\t\tThe best multi day hikes: &nbsp; In the region near to the Serra do Cip\u00f3 you will find the most traditional towns of Minas Gerais,...\t\t\t\t\t\t\t\t\t\t<\/div>\r\n\t\t\t\t\t\t\t\t\t\t<a href=\"https:\/\/www.kopaturismo.com.br\/en\/news\/travessias\/\" class=\"news-more-link\">Read More<\/a>\r\n\t\t\t\t\t\t\t\t\t\t\t\t\t\t\t\t\t<\/div><!-- .entry-content -->\r\n\t\t\t\t\t\t\t\t\t\t\t\t\t<\/div>\r\n\t\t\t\t\t<\/div>\r\n\t\t\t\t<\/div><!-- #post-## -->\r\n\t\t\t<\/div><!-- #post-## -->\r\n\t\t\r\n\t\t\t<div id=\"post-160\" class=\"news type-news wpnaw-blog-class has-no-date news-col-2 wpnaw-first\">\r\n\t\t\t\t<div class=\"news-inner-wrap-view news-clearfix \">\r\n\r\n\t\t\t\t\t\t\t\t\t\t<div class=\"news-thumb\">\r\n\t\t\t\t\t\t\t\t\t\t\t\t\t<div class=\"grid-news-thumb\">\r\n\t\t\t\t\t\t\t\t<a href=\"https:\/\/www.kopaturismo.com.br\/en\/news\/natureza\/\"><img loading=\"lazy\" decoding=\"async\" width=\"545\" height=\"250\" src=\"https:\/\/www.kopaturismo.com.br\/wp-content\/uploads\/2016\/02\/passeio-serra-do-cipo.jpg\" class=\"attachment-medium_large size-medium_large wp-post-image\" alt=\"Passeio na Serra do Cip\u00f3\" srcset=\"https:\/\/www.kopaturismo.com.br\/wp-content\/uploads\/2016\/02\/passeio-serra-do-cipo.jpg 545w, https:\/\/www.kopaturismo.com.br\/wp-content\/uploads\/2016\/02\/passeio-serra-do-cipo-300x138.jpg 300w\" sizes=\"auto, (max-width: 545px) 100vw, 545px\" \/><\/a>\r\n\t\t\t\t\t\t\t<\/div>\r\n\t\t\t\t\t\t\t\t\t\t\t<\/div>\r\n\t\t\t\t\t\r\n\t\t\t\t\t<div class=\"news-content\">\r\n\t\t\t\t\t\t\t\t\t\t\t\t\t<div class=\"grid-date-post\">\r\n\t\t\t\t\t\t\t\t\t\t\t\t\t\t\t<\/div>\r\n\t\t\t\t\t\t\r\n\t\t\t\t\t\t<div class=\"post-content-text\">\r\n\t\t\t\t\t\t\t<h3 class=\"news-title\"><a href=\"https:\/\/www.kopaturismo.com.br\/en\/news\/natureza\/\" rel=\"bookmark\">NATURE<\/a><\/h3>\t\t\t\t\t\t\t\t<div class=\"news-content-excerpt\">\r\n\t\t\t\t\t\t\t\t\t\t\t\t\t\t\t\t\t\t\t<div class=\"news-short-content\">\r\n\t\t\t\t\t\t\t\t\t\t\tNATURE &nbsp; &nbsp;\t\t\t\t\t\t\t\t\t\t<\/div>\r\n\t\t\t\t\t\t\t\t\t\t<a href=\"https:\/\/www.kopaturismo.com.br\/en\/news\/natureza\/\" class=\"news-more-link\">Read More<\/a>\r\n\t\t\t\t\t\t\t\t\t\t\t\t\t\t\t\t\t<\/div><!-- .entry-content -->\r\n\t\t\t\t\t\t\t\t\t\t\t\t\t<\/div>\r\n\t\t\t\t\t<\/div>\r\n\t\t\t\t<\/div><!-- #post-## -->\r\n\t\t\t<\/div><!-- #post-## -->\r\n\t\t\r\n\t\t\t<div id=\"post-141\" class=\"news type-news wpnaw-blog-class has-no-date news-col-2 wpnaw-last\">\r\n\t\t\t\t<div class=\"news-inner-wrap-view news-clearfix \">\r\n\r\n\t\t\t\t\t\t\t\t\t\t<div class=\"news-thumb\">\r\n\t\t\t\t\t\t\t\t\t\t\t\t\t<div class=\"grid-news-thumb\">\r\n\t\t\t\t\t\t\t\t<a href=\"https:\/\/www.kopaturismo.com.br\/en\/news\/esportes-radicais\/\"><img loading=\"lazy\" decoding=\"async\" width=\"700\" height=\"394\" src=\"https:\/\/www.kopaturismo.com.br\/wp-content\/uploads\/2016\/02\/esportes.png\" class=\"attachment-medium_large size-medium_large wp-post-image\" alt=\"\" srcset=\"https:\/\/www.kopaturismo.com.br\/wp-content\/uploads\/2016\/02\/esportes.png 700w, https:\/\/www.kopaturismo.com.br\/wp-content\/uploads\/2016\/02\/esportes-300x169.png 300w, https:\/\/www.kopaturismo.com.br\/wp-content\/uploads\/2016\/02\/esportes-379x213.png 379w\" sizes=\"auto, (max-width: 700px) 100vw, 700px\" \/><\/a>\r\n\t\t\t\t\t\t\t<\/div>\r\n\t\t\t\t\t\t\t\t\t\t\t<\/div>\r\n\t\t\t\t\t\r\n\t\t\t\t\t<div class=\"news-content\">\r\n\t\t\t\t\t\t\t\t\t\t\t\t\t<div class=\"grid-date-post\">\r\n\t\t\t\t\t\t\t\t\t\t\t\t\t\t\t<\/div>\r\n\t\t\t\t\t\t\r\n\t\t\t\t\t\t<div class=\"post-content-text\">\r\n\t\t\t\t\t\t\t<h3 class=\"news-title\"><a href=\"https:\/\/www.kopaturismo.com.br\/en\/news\/esportes-radicais\/\" rel=\"bookmark\">ADVENTURE<\/a><\/h3>\t\t\t\t\t\t\t\t<div class=\"news-content-excerpt\">\r\n\t\t\t\t\t\t\t\t\t\t\t\t\t\t\t\t\t\t\t<div class=\"news-short-content\">\r\n\t\t\t\t\t\t\t\t\t\t\tADVENTURE\t\t\t\t\t\t\t\t\t\t<\/div>\r\n\t\t\t\t\t\t\t\t\t\t<a href=\"https:\/\/www.kopaturismo.com.br\/en\/news\/esportes-radicais\/\" class=\"news-more-link\">Read More<\/a>\r\n\t\t\t\t\t\t\t\t\t\t\t\t\t\t\t\t\t<\/div><!-- .entry-content -->\r\n\t\t\t\t\t\t\t\t\t\t\t\t\t<\/div>\r\n\t\t\t\t\t<\/div>\r\n\t\t\t\t<\/div><!-- #post-## -->\r\n\t\t\t<\/div><!-- #post-## -->\r\n\t\t\t<\/div>\r\n\r\n\t<\/p>","protected":false},"excerpt":{"rendered":"<p>Ekotourism &nbsp; We offer all kind of ecological tours in and outside of the Serra do Cip\u00f3\u00a0National Park.\u00a0The Serra do Cip\u00f3 is considered one of the best ecotourism destinations in\u00a0Brazil. The region offers attractions for all ages and has excellent restaurants,\u00a0cozy inns with many. Access is done completely on paved roads, arriving at\u00a0the Tancredo Neves [&hellip;]<\/p>\n","protected":false},"author":1,"featured_media":0,"parent":0,"menu_order":0,"comment_status":"closed","ping_status":"closed","template":"","meta":{"_joinchat":[],"footnotes":""},"class_list":["post-5","page","type-page","status-publish","hentry"],"yoast_head":"<!-- This site is optimized with the Yoast SEO plugin v27.2 - https:\/\/yoast.com\/product\/yoast-seo-wordpress\/ -->\n<title>Ekotourism - Kopa Turismo - Ecoturismo Serra do Cip\u00f3<\/title>\n<meta name=\"description\" content=\"Empresa de turismo especializada em turismo receptivo. Entre seus servi\u00e7os, destaque para passeios em trilhas, cachoeiras na Serra do Cip\u00f3.\" \/>\n<meta name=\"robots\" content=\"index, follow, max-snippet:-1, max-image-preview:large, max-video-preview:-1\" \/>\n<link rel=\"canonical\" href=\"https:\/\/www.kopaturismo.com.br\/ecoturismo\/\" \/>\n<meta property=\"og:locale\" content=\"en_US\" \/>\n<meta property=\"og:type\" content=\"article\" \/>\n<meta property=\"og:title\" content=\"[:pb]Ekoturismo[:en]Ekotourism[:] - Kopa Turismo - Ecoturismo Serra do Cip\u00f3\" \/>\n<meta property=\"og:description\" content=\"Empresa de turismo especializada em turismo receptivo. Entre seus servi\u00e7os, destaque para passeios em trilhas, cachoeiras na Serra do Cip\u00f3.\" \/>\n<meta property=\"og:url\" content=\"https:\/\/www.kopaturismo.com.br\/ecoturismo\/\" \/>\n<meta property=\"og:site_name\" content=\"Kopa Turismo - Ecoturismo Serra do Cip\u00f3\" \/>\n<meta property=\"article:modified_time\" content=\"2020-05-31T23:02:37+00:00\" \/>\n<meta name=\"twitter:card\" content=\"summary_large_image\" \/>\n<meta name=\"twitter:label1\" content=\"Est. reading time\" \/>\n\t<meta name=\"twitter:data1\" content=\"2 minutes\" \/>\n<script type=\"application\/ld+json\" class=\"yoast-schema-graph\">{\"@context\":\"https:\/\/schema.org\",\"@graph\":[{\"@type\":\"WebPage\",\"@id\":\"https:\/\/www.kopaturismo.com.br\/ecoturismo\/\",\"url\":\"https:\/\/www.kopaturismo.com.br\/ecoturismo\/\",\"name\":\"[:pb]Ekoturismo[:en]Ekotourism[:] - Kopa Turismo - Ecoturismo Serra do Cip\u00f3\",\"isPartOf\":{\"@id\":\"https:\/\/www.kopaturismo.com.br\/#website\"},\"datePublished\":\"2016-01-19T15:47:49+00:00\",\"dateModified\":\"2020-05-31T23:02:37+00:00\",\"description\":\"Empresa de turismo especializada em turismo receptivo. Entre seus servi\u00e7os, destaque para passeios em trilhas, cachoeiras na Serra do Cip\u00f3.\",\"breadcrumb\":{\"@id\":\"https:\/\/www.kopaturismo.com.br\/ecoturismo\/#breadcrumb\"},\"inLanguage\":\"en-US\",\"potentialAction\":[{\"@type\":\"ReadAction\",\"target\":[\"https:\/\/www.kopaturismo.com.br\/ecoturismo\/\"]}]},{\"@type\":\"BreadcrumbList\",\"@id\":\"https:\/\/www.kopaturismo.com.br\/ecoturismo\/#breadcrumb\",\"itemListElement\":[{\"@type\":\"ListItem\",\"position\":1,\"name\":\"In\u00edcio\",\"item\":\"https:\/\/www.kopaturismo.com.br\/\"},{\"@type\":\"ListItem\",\"position\":2,\"name\":\"Ekoturismo\"}]},{\"@type\":\"WebSite\",\"@id\":\"https:\/\/www.kopaturismo.com.br\/#website\",\"url\":\"https:\/\/www.kopaturismo.com.br\/\",\"name\":\"Kopa Turismo - Ecoturismo Serra do Cip\u00f3\",\"description\":\"Empresa de turismo especializada em turismo receptivo. Entre seus servi\u00e7os, destaque para passeios em trilhas, cachoeiras na Serra do Cip\u00f3.\",\"potentialAction\":[{\"@type\":\"SearchAction\",\"target\":{\"@type\":\"EntryPoint\",\"urlTemplate\":\"https:\/\/www.kopaturismo.com.br\/?s={search_term_string}\"},\"query-input\":{\"@type\":\"PropertyValueSpecification\",\"valueRequired\":true,\"valueName\":\"search_term_string\"}}],\"inLanguage\":\"en-US\"}]}<\/script>\n<!-- \/ Yoast SEO plugin. -->","yoast_head_json":{"title":"[:pb]Ekoturismo[:en]Ekotourism[:] - Kopa Turismo - Ecoturismo Serra do Cip\u00f3","description":"Empresa de turismo especializada em turismo receptivo. Entre seus servi\u00e7os, destaque para passeios em trilhas, cachoeiras na Serra do Cip\u00f3.","robots":{"index":"index","follow":"follow","max-snippet":"max-snippet:-1","max-image-preview":"max-image-preview:large","max-video-preview":"max-video-preview:-1"},"canonical":"https:\/\/www.kopaturismo.com.br\/ecoturismo\/","og_locale":"en_US","og_type":"article","og_title":"[:pb]Ekoturismo[:en]Ekotourism[:] - Kopa Turismo - Ecoturismo Serra do Cip\u00f3","og_description":"Empresa de turismo especializada em turismo receptivo. Entre seus servi\u00e7os, destaque para passeios em trilhas, cachoeiras na Serra do Cip\u00f3.","og_url":"https:\/\/www.kopaturismo.com.br\/ecoturismo\/","og_site_name":"Kopa Turismo - Ecoturismo Serra do Cip\u00f3","article_modified_time":"2020-05-31T23:02:37+00:00","twitter_card":"summary_large_image","twitter_misc":{"Est. reading time":"2 minutes"},"schema":{"@context":"https:\/\/schema.org","@graph":[{"@type":"WebPage","@id":"https:\/\/www.kopaturismo.com.br\/ecoturismo\/","url":"https:\/\/www.kopaturismo.com.br\/ecoturismo\/","name":"[:pb]Ekoturismo[:en]Ekotourism[:] - Kopa Turismo - Ecoturismo Serra do Cip\u00f3","isPartOf":{"@id":"https:\/\/www.kopaturismo.com.br\/#website"},"datePublished":"2016-01-19T15:47:49+00:00","dateModified":"2020-05-31T23:02:37+00:00","description":"Empresa de turismo especializada em turismo receptivo. Entre seus servi\u00e7os, destaque para passeios em trilhas, cachoeiras na Serra do Cip\u00f3.","breadcrumb":{"@id":"https:\/\/www.kopaturismo.com.br\/ecoturismo\/#breadcrumb"},"inLanguage":"en-US","potentialAction":[{"@type":"ReadAction","target":["https:\/\/www.kopaturismo.com.br\/ecoturismo\/"]}]},{"@type":"BreadcrumbList","@id":"https:\/\/www.kopaturismo.com.br\/ecoturismo\/#breadcrumb","itemListElement":[{"@type":"ListItem","position":1,"name":"In\u00edcio","item":"https:\/\/www.kopaturismo.com.br\/"},{"@type":"ListItem","position":2,"name":"Ekoturismo"}]},{"@type":"WebSite","@id":"https:\/\/www.kopaturismo.com.br\/#website","url":"https:\/\/www.kopaturismo.com.br\/","name":"Kopa Turismo - Ecoturismo Serra do Cip\u00f3","description":"Empresa de turismo especializada em turismo receptivo. Entre seus servi\u00e7os, destaque para passeios em trilhas, cachoeiras na Serra do Cip\u00f3.","potentialAction":[{"@type":"SearchAction","target":{"@type":"EntryPoint","urlTemplate":"https:\/\/www.kopaturismo.com.br\/?s={search_term_string}"},"query-input":{"@type":"PropertyValueSpecification","valueRequired":true,"valueName":"search_term_string"}}],"inLanguage":"en-US"}]}},"_links":{"self":[{"href":"https:\/\/www.kopaturismo.com.br\/en\/wp-json\/wp\/v2\/pages\/5","targetHints":{"allow":["GET"]}}],"collection":[{"href":"https:\/\/www.kopaturismo.com.br\/en\/wp-json\/wp\/v2\/pages"}],"about":[{"href":"https:\/\/www.kopaturismo.com.br\/en\/wp-json\/wp\/v2\/types\/page"}],"author":[{"embeddable":true,"href":"https:\/\/www.kopaturismo.com.br\/en\/wp-json\/wp\/v2\/users\/1"}],"replies":[{"embeddable":true,"href":"https:\/\/www.kopaturismo.com.br\/en\/wp-json\/wp\/v2\/comments?post=5"}],"version-history":[{"count":14,"href":"https:\/\/www.kopaturismo.com.br\/en\/wp-json\/wp\/v2\/pages\/5\/revisions"}],"predecessor-version":[{"id":482,"href":"https:\/\/www.kopaturismo.com.br\/en\/wp-json\/wp\/v2\/pages\/5\/revisions\/482"}],"wp:attachment":[{"href":"https:\/\/www.kopaturismo.com.br\/en\/wp-json\/wp\/v2\/media?parent=5"}],"curies":[{"name":"wp","href":"https:\/\/api.w.org\/{rel}","templated":true}]}}