{"id":56,"date":"2016-01-25T17:14:24","date_gmt":"2016-01-25T17:14:24","guid":{"rendered":"http:\/\/metasdigitais.net.br\/kopa_turismo\/?page_id=56"},"modified":"2018-08-31T14:07:55","modified_gmt":"2018-08-31T17:07:55","slug":"quem-somos","status":"publish","type":"page","link":"https:\/\/www.kopaturismo.com.br\/en\/quem-somos\/","title":{"rendered":"About us"},"content":{"rendered":"<p><\/p>\n<h2 style=\"text-align: center;\">About Us<\/h2>\n<p>We organize small groups and private tours to the main tourist spots in the\u00a0surroundings of the capital Belo Horizonte. Our destinies are the historical\u00a0cities, the national parks and the cultural sights.<\/p>\n<p>The word KOPA\u00a0has his origins in the indigenous language Maxakali. The\u00a0Maxakali tribe is based in the Mucuri valley in the state of Minas Gerais in the\u00a0southeast of Brazil. \u201eKOPA\u201c means \u201einside\u201c in English. Our aim is that our\u00a0visitors feel like at home. The culture and history of Minas Gerais will collect\u00a0our visitors.<\/p>\n<p>Our agency is based in Belo Horizonte, the capital of the state Minas Gerais.\u00a0Security, reliability and confidence always come first! Our staff has broad\u00a0experience on the European tourism market and our aim is to maintain the<\/p>\n<p>European standards in our daily work in Brazil, always trying to be a reference\u00a0in what we do. We always try to surprise our guests with new destinies and\u00a0special stops, providing a konscious and kreative way of tourism!<\/p>\n<p>We will do anything to make sure that your stay in Minas Gerais will be\u00a0unforgettable!<\/p>\n<p><strong>This is Tourism with K!<\/strong><\/p>\n<p>&nbsp;<\/p>\n<h5>Our services:<\/h5>\n<ul>\n<li>Transfer to the International Airport Tancredo Neves in Confins<\/li>\n<li>Ecotourism in the Serra do Cip\u00f3<\/li>\n<li>Executive car service<\/li>\n<li>Logistical solutions for events<\/li>\n<li>Bilingual attendance (English, Spanish,\u00a0Portuguese and German)<\/li>\n<li>Day trips to the touristic sights of our state<\/li>\n<li>We provide special guides for many other languages and special\u00a0topics, like arts, architecture and biology.<\/li>\n<\/ul>\n<p>&nbsp;<\/p>\n<h5 style=\"text-align: center;\">Link &#8211; Portfolio<\/h5>\n<p><a href=\"http:\/\/www.youblisher.com\/p\/1338853-Portfolio-KOPA-turismo\/\" target=\"_blank\"><img decoding=\"async\" class=\"aligncenter\" src=\"http:\/\/www.youblisher.com\/files\/publications\/224\/1338853\/200x300.jpg\" alt=\"Portf\u00f3lio - KOPA turismo\" \/><\/a><\/p>\n<p>&nbsp;<\/p>\n<p><img loading=\"lazy\" decoding=\"async\" class=\"size-medium wp-image-429 aligncenter\" src=\"http:\/\/www.kopaturismo.com.br\/wp-content\/uploads\/2016\/01\/bandeiras1-300x69.png\" alt=\"bandeiras\" width=\"300\" height=\"69\" srcset=\"https:\/\/www.kopaturismo.com.br\/wp-content\/uploads\/2016\/01\/bandeiras1-300x69.png 300w, https:\/\/www.kopaturismo.com.br\/wp-content\/uploads\/2016\/01\/bandeiras1.png 303w\" sizes=\"auto, (max-width: 300px) 100vw, 300px\" \/><\/p>\n<p>&nbsp;<\/p>\n<h5 style=\"text-align: center;\">Partner Institutions<\/h5>\n<p><a href=\"http:\/\/www.kopaturismo.com.br\/wp-content\/uploads\/2016\/01\/parceiros.jpg\"><img loading=\"lazy\" decoding=\"async\" class=\"wp-image-280 aligncenter\" src=\"http:\/\/www.kopaturismo.com.br\/wp-content\/uploads\/2016\/01\/parceiros.jpg\" alt=\"parceiros\" width=\"472\" height=\"162\" \/><br \/>\n<\/a><\/p>\n<h5 style=\"text-align: center;\">Our Rating on Tripadvisor<\/h5>\n<div class=\"col-md-17 col-md-offset-7\">\n<div id=\"TA_selfserveprop301\" class=\"TA_selfserveprop\">\n<ul id=\"BNK3WpG\" class=\"TA_links Pc23WPjcJ2cQ\">\n<li id=\"YG126PD class=\"><a href=\"https:\/\/www.tripadvisor.com.br\/\" target=\"_blank\"><img decoding=\"async\" class=\"aligncenter\" src=\"https:\/\/www.tripadvisor.com.br\/img\/cdsi\/img2\/branding\/150_logo-11900-2.png\" alt=\"TripAdvisor\" \/><\/a><\/li>\n<\/ul>\n<\/div>\n<p><script src=\"https:\/\/www.jscache.com\/wejs?wtype=selfserveprop&amp;uniq=301&amp;locationId=7055611&amp;lang=pt&amp;rating=true&amp;nreviews=4&amp;writereviewlink=true&amp;popIdx=true&amp;iswide=true&amp;border=true&amp;display_version=2\"><\/script><\/p>\n<\/div>\n<p><\/p>","protected":false},"excerpt":{"rendered":"<p>About Us We organize small groups and private tours to the main tourist spots in the\u00a0surroundings of the capital Belo Horizonte. Our destinies are the historical\u00a0cities, the national parks and the cultural sights. The word KOPA\u00a0has his origins in the indigenous language Maxakali. The\u00a0Maxakali tribe is based in the Mucuri valley in the state of [&hellip;]<\/p>\n","protected":false},"author":1,"featured_media":0,"parent":0,"menu_order":0,"comment_status":"closed","ping_status":"closed","template":"","meta":{"_joinchat":[],"footnotes":""},"class_list":["post-56","page","type-page","status-publish","hentry"],"yoast_head":"<!-- This site is optimized with the Yoast SEO plugin v27.2 - https:\/\/yoast.com\/product\/yoast-seo-wordpress\/ -->\n<title>About us - Kopa Turismo - Ecoturismo Serra do Cip\u00f3<\/title>\n<meta name=\"description\" content=\"Empresa de turismo especializada em turismo receptivo. Entre seus servi\u00e7os, destaque para passeios em trilhas, cachoeiras na Serra do Cip\u00f3.\" \/>\n<meta name=\"robots\" content=\"index, follow, max-snippet:-1, max-image-preview:large, max-video-preview:-1\" \/>\n<link rel=\"canonical\" href=\"https:\/\/www.kopaturismo.com.br\/quem-somos\/\" \/>\n<meta property=\"og:locale\" content=\"en_US\" \/>\n<meta property=\"og:type\" content=\"article\" \/>\n<meta property=\"og:title\" content=\"[:pb]Quem somos[:en]About us[:] - Kopa Turismo - Ecoturismo Serra do Cip\u00f3\" \/>\n<meta property=\"og:description\" content=\"Empresa de turismo especializada em turismo receptivo. Entre seus servi\u00e7os, destaque para passeios em trilhas, cachoeiras na Serra do Cip\u00f3.\" \/>\n<meta property=\"og:url\" content=\"https:\/\/www.kopaturismo.com.br\/quem-somos\/\" \/>\n<meta property=\"og:site_name\" content=\"Kopa Turismo - Ecoturismo Serra do Cip\u00f3\" \/>\n<meta property=\"article:modified_time\" content=\"2018-08-31T17:07:55+00:00\" \/>\n<meta property=\"og:image\" content=\"http:\/\/www.youblisher.com\/files\/publications\/224\/1338853\/200x300.jpg\" \/>\n<meta name=\"twitter:card\" content=\"summary_large_image\" \/>\n<meta name=\"twitter:label1\" content=\"Est. reading time\" \/>\n\t<meta name=\"twitter:data1\" content=\"2 minutes\" \/>\n<script type=\"application\/ld+json\" class=\"yoast-schema-graph\">{\"@context\":\"https:\/\/schema.org\",\"@graph\":[{\"@type\":\"WebPage\",\"@id\":\"https:\/\/www.kopaturismo.com.br\/quem-somos\/\",\"url\":\"https:\/\/www.kopaturismo.com.br\/quem-somos\/\",\"name\":\"[:pb]Quem somos[:en]About us[:] - Kopa Turismo - Ecoturismo Serra do Cip\u00f3\",\"isPartOf\":{\"@id\":\"https:\/\/www.kopaturismo.com.br\/#website\"},\"primaryImageOfPage\":{\"@id\":\"https:\/\/www.kopaturismo.com.br\/quem-somos\/#primaryimage\"},\"image\":{\"@id\":\"https:\/\/www.kopaturismo.com.br\/quem-somos\/#primaryimage\"},\"thumbnailUrl\":\"http:\/\/www.youblisher.com\/files\/publications\/224\/1338853\/200x300.jpg\",\"datePublished\":\"2016-01-25T17:14:24+00:00\",\"dateModified\":\"2018-08-31T17:07:55+00:00\",\"description\":\"Empresa de turismo especializada em turismo receptivo. Entre seus servi\u00e7os, destaque para passeios em trilhas, cachoeiras na Serra do Cip\u00f3.\",\"breadcrumb\":{\"@id\":\"https:\/\/www.kopaturismo.com.br\/quem-somos\/#breadcrumb\"},\"inLanguage\":\"en-US\",\"potentialAction\":[{\"@type\":\"ReadAction\",\"target\":[\"https:\/\/www.kopaturismo.com.br\/quem-somos\/\"]}]},{\"@type\":\"ImageObject\",\"inLanguage\":\"en-US\",\"@id\":\"https:\/\/www.kopaturismo.com.br\/quem-somos\/#primaryimage\",\"url\":\"http:\/\/www.youblisher.com\/files\/publications\/224\/1338853\/200x300.jpg\",\"contentUrl\":\"http:\/\/www.youblisher.com\/files\/publications\/224\/1338853\/200x300.jpg\"},{\"@type\":\"BreadcrumbList\",\"@id\":\"https:\/\/www.kopaturismo.com.br\/quem-somos\/#breadcrumb\",\"itemListElement\":[{\"@type\":\"ListItem\",\"position\":1,\"name\":\"In\u00edcio\",\"item\":\"https:\/\/www.kopaturismo.com.br\/\"},{\"@type\":\"ListItem\",\"position\":2,\"name\":\"Quem somos\"}]},{\"@type\":\"WebSite\",\"@id\":\"https:\/\/www.kopaturismo.com.br\/#website\",\"url\":\"https:\/\/www.kopaturismo.com.br\/\",\"name\":\"Kopa Turismo - Ecoturismo Serra do Cip\u00f3\",\"description\":\"Empresa de turismo especializada em turismo receptivo. Entre seus servi\u00e7os, destaque para passeios em trilhas, cachoeiras na Serra do Cip\u00f3.\",\"potentialAction\":[{\"@type\":\"SearchAction\",\"target\":{\"@type\":\"EntryPoint\",\"urlTemplate\":\"https:\/\/www.kopaturismo.com.br\/?s={search_term_string}\"},\"query-input\":{\"@type\":\"PropertyValueSpecification\",\"valueRequired\":true,\"valueName\":\"search_term_string\"}}],\"inLanguage\":\"en-US\"}]}<\/script>\n<!-- \/ Yoast SEO plugin. -->","yoast_head_json":{"title":"[:pb]Quem somos[:en]About us[:] - Kopa Turismo - Ecoturismo Serra do Cip\u00f3","description":"Empresa de turismo especializada em turismo receptivo. Entre seus servi\u00e7os, destaque para passeios em trilhas, cachoeiras na Serra do Cip\u00f3.","robots":{"index":"index","follow":"follow","max-snippet":"max-snippet:-1","max-image-preview":"max-image-preview:large","max-video-preview":"max-video-preview:-1"},"canonical":"https:\/\/www.kopaturismo.com.br\/quem-somos\/","og_locale":"en_US","og_type":"article","og_title":"[:pb]Quem somos[:en]About us[:] - Kopa Turismo - Ecoturismo Serra do Cip\u00f3","og_description":"Empresa de turismo especializada em turismo receptivo. Entre seus servi\u00e7os, destaque para passeios em trilhas, cachoeiras na Serra do Cip\u00f3.","og_url":"https:\/\/www.kopaturismo.com.br\/quem-somos\/","og_site_name":"Kopa Turismo - Ecoturismo Serra do Cip\u00f3","article_modified_time":"2018-08-31T17:07:55+00:00","og_image":[{"url":"http:\/\/www.youblisher.com\/files\/publications\/224\/1338853\/200x300.jpg","type":"","width":"","height":""}],"twitter_card":"summary_large_image","twitter_misc":{"Est. reading time":"2 minutes"},"schema":{"@context":"https:\/\/schema.org","@graph":[{"@type":"WebPage","@id":"https:\/\/www.kopaturismo.com.br\/quem-somos\/","url":"https:\/\/www.kopaturismo.com.br\/quem-somos\/","name":"[:pb]Quem somos[:en]About us[:] - Kopa Turismo - Ecoturismo Serra do Cip\u00f3","isPartOf":{"@id":"https:\/\/www.kopaturismo.com.br\/#website"},"primaryImageOfPage":{"@id":"https:\/\/www.kopaturismo.com.br\/quem-somos\/#primaryimage"},"image":{"@id":"https:\/\/www.kopaturismo.com.br\/quem-somos\/#primaryimage"},"thumbnailUrl":"http:\/\/www.youblisher.com\/files\/publications\/224\/1338853\/200x300.jpg","datePublished":"2016-01-25T17:14:24+00:00","dateModified":"2018-08-31T17:07:55+00:00","description":"Empresa de turismo especializada em turismo receptivo. Entre seus servi\u00e7os, destaque para passeios em trilhas, cachoeiras na Serra do Cip\u00f3.","breadcrumb":{"@id":"https:\/\/www.kopaturismo.com.br\/quem-somos\/#breadcrumb"},"inLanguage":"en-US","potentialAction":[{"@type":"ReadAction","target":["https:\/\/www.kopaturismo.com.br\/quem-somos\/"]}]},{"@type":"ImageObject","inLanguage":"en-US","@id":"https:\/\/www.kopaturismo.com.br\/quem-somos\/#primaryimage","url":"http:\/\/www.youblisher.com\/files\/publications\/224\/1338853\/200x300.jpg","contentUrl":"http:\/\/www.youblisher.com\/files\/publications\/224\/1338853\/200x300.jpg"},{"@type":"BreadcrumbList","@id":"https:\/\/www.kopaturismo.com.br\/quem-somos\/#breadcrumb","itemListElement":[{"@type":"ListItem","position":1,"name":"In\u00edcio","item":"https:\/\/www.kopaturismo.com.br\/"},{"@type":"ListItem","position":2,"name":"Quem somos"}]},{"@type":"WebSite","@id":"https:\/\/www.kopaturismo.com.br\/#website","url":"https:\/\/www.kopaturismo.com.br\/","name":"Kopa Turismo - Ecoturismo Serra do Cip\u00f3","description":"Empresa de turismo especializada em turismo receptivo. Entre seus servi\u00e7os, destaque para passeios em trilhas, cachoeiras na Serra do Cip\u00f3.","potentialAction":[{"@type":"SearchAction","target":{"@type":"EntryPoint","urlTemplate":"https:\/\/www.kopaturismo.com.br\/?s={search_term_string}"},"query-input":{"@type":"PropertyValueSpecification","valueRequired":true,"valueName":"search_term_string"}}],"inLanguage":"en-US"}]}},"_links":{"self":[{"href":"https:\/\/www.kopaturismo.com.br\/en\/wp-json\/wp\/v2\/pages\/56","targetHints":{"allow":["GET"]}}],"collection":[{"href":"https:\/\/www.kopaturismo.com.br\/en\/wp-json\/wp\/v2\/pages"}],"about":[{"href":"https:\/\/www.kopaturismo.com.br\/en\/wp-json\/wp\/v2\/types\/page"}],"author":[{"embeddable":true,"href":"https:\/\/www.kopaturismo.com.br\/en\/wp-json\/wp\/v2\/users\/1"}],"replies":[{"embeddable":true,"href":"https:\/\/www.kopaturismo.com.br\/en\/wp-json\/wp\/v2\/comments?post=56"}],"version-history":[{"count":18,"href":"https:\/\/www.kopaturismo.com.br\/en\/wp-json\/wp\/v2\/pages\/56\/revisions"}],"predecessor-version":[{"id":602,"href":"https:\/\/www.kopaturismo.com.br\/en\/wp-json\/wp\/v2\/pages\/56\/revisions\/602"}],"wp:attachment":[{"href":"https:\/\/www.kopaturismo.com.br\/en\/wp-json\/wp\/v2\/media?parent=56"}],"curies":[{"name":"wp","href":"https:\/\/api.w.org\/{rel}","templated":true}]}}